{"id":9996,"date":"2023-10-27T14:06:32","date_gmt":"2023-10-27T13:06:32","guid":{"rendered":"https:\/\/neocar.shop\/?post_type=product&#038;p=9996"},"modified":"2023-10-27T14:37:35","modified_gmt":"2023-10-27T13:37:35","slug":"9996","status":"publish","type":"product","link":"https:\/\/neocar.shop\/fr\/produit\/9996\/","title":{"rendered":"\u0645\u0646\u0638\u0641 \u0627\u0644\u0631\u0627\u062f\u064a\u0627\u062a\u0648\u0631 nettoyant radiateur"},"content":{"rendered":"<h3 class=\"a-spacing-mini\">Nettoyant pour radiateur<\/h3>\n<p>Pour tous les syst\u00e8mes de refroidissement et de chauffage des moteurs refroidis par eau. 300 ml suffisent pour 10 l de liquide de refroidissement (dosage 1:33). Compatible avec tous les additifs de liquide de refroidissement et antigels conventionnels.<\/p>\n<p>Les d\u00e9p\u00f4ts dans le syst\u00e8me de refroidissement\/chauffage cr\u00e9ent des blocages pour l\u2019\u00e9change thermique et bloquent \u00e9galement les vannes thermostatiques et les m\u00e9canismes de contr\u00f4le. Lorsque la temp\u00e9rature du moteur est trop \u00e9lev\u00e9e, le moteur ne fonctionne pas de mani\u00e8re rentable et subit une usure excessive avec un risque consid\u00e9rable de dommages. LIQUI MOLY Radiateur Nettoyant \u00e9limine les d\u00e9p\u00f4ts contenant de l&#8217;huile et du calcaire et garantit que le moteur tourne de mani\u00e8re fiable et \u00e0 la temp\u00e9rature optimale. Ne contient pas d&#8217;acides ou d&#8217;alcalis agressifs.<\/p>","protected":false},"excerpt":{"rendered":"<p>Nettoyant pour radiateur Pour tous les syst\u00e8mes de refroidissement et de chauffage des moteurs refroidis par eau. 300 ml suffisent<\/p>","protected":false},"featured_media":9998,"comment_status":"open","ping_status":"closed","template":"","meta":[],"product_brand":[],"product_cat":[87,89],"product_tag":[303,408],"class_list":{"0":"post-9996","1":"product","2":"type-product","3":"status-publish","4":"has-post-thumbnail","6":"product_cat-87","7":"product_cat-89","8":"product_tag-liqui-moly","9":"product_tag-radiateur","11":"first","12":"instock","13":"virtual","14":"purchasable","15":"product-type-simple"},"jetpack_sharing_enabled":true,"_links":{"self":[{"href":"https:\/\/neocar.shop\/fr\/wp-json\/wp\/v2\/product\/9996"}],"collection":[{"href":"https:\/\/neocar.shop\/fr\/wp-json\/wp\/v2\/product"}],"about":[{"href":"https:\/\/neocar.shop\/fr\/wp-json\/wp\/v2\/types\/product"}],"replies":[{"embeddable":true,"href":"https:\/\/neocar.shop\/fr\/wp-json\/wp\/v2\/comments?post=9996"}],"version-history":[{"count":3,"href":"https:\/\/neocar.shop\/fr\/wp-json\/wp\/v2\/product\/9996\/revisions"}],"predecessor-version":[{"id":10003,"href":"https:\/\/neocar.shop\/fr\/wp-json\/wp\/v2\/product\/9996\/revisions\/10003"}],"wp:featuredmedia":[{"embeddable":true,"href":"https:\/\/neocar.shop\/fr\/wp-json\/wp\/v2\/media\/9998"}],"wp:attachment":[{"href":"https:\/\/neocar.shop\/fr\/wp-json\/wp\/v2\/media?parent=9996"}],"wp:term":[{"taxonomy":"product_brand","embeddable":true,"href":"https:\/\/neocar.shop\/fr\/wp-json\/wp\/v2\/product_brand?post=9996"},{"taxonomy":"product_cat","embeddable":true,"href":"https:\/\/neocar.shop\/fr\/wp-json\/wp\/v2\/product_cat?post=9996"},{"taxonomy":"product_tag","embeddable":true,"href":"https:\/\/neocar.shop\/fr\/wp-json\/wp\/v2\/product_tag?post=9996"}],"curies":[{"name":"wp","href":"https:\/\/api.w.org\/{rel}","templated":true}]}}