{"id":9989,"date":"2023-10-27T13:23:23","date_gmt":"2023-10-27T12:23:23","guid":{"rendered":"https:\/\/neocar.shop\/?post_type=product&#038;p=9989"},"modified":"2023-10-27T13:24:08","modified_gmt":"2023-10-27T12:24:08","slug":"kit-de-securite-triangle-et-gilet-de-signalisation-de-secours","status":"publish","type":"product","link":"https:\/\/neocar.shop\/fr\/produit\/kit-de-securite-triangle-et-gilet-de-signalisation-de-secours\/","title":{"rendered":"Kit de S\u00e9curit\u00e9 Triangle Et Gilet De Signalisation De Secours"},"content":{"rendered":"<ul>\n<li>Le gilet de s\u00e9curit\u00e9 est jaune et r\u00e9fl\u00e9chissant pour une meilleure visibilit\u00e9 sur le bord de la route apr\u00e8s l\u2019arr\u00eat.<\/li>\n<li>Les conducteurs doivent porter un gilet r\u00e9fl\u00e9chissant jaune \u00e0 la sortie de leur v\u00e9hicule.<\/li>\n<li>Il peut \u00eatre utilis\u00e9 comme triangle de secours en cas de panne de voiture.<\/li>\n<li>Le triangle de signalisation doit \u00eatre plac\u00e9 \u00e0 30 m\u00e8tres lors d\u2019un arr\u00eat d\u2019urgence.<\/li>\n<li>Utilisable en cas de panne<\/li>\n<li>Visible sur une grande distance<\/li>\n<li>N\u00e9cessaire dans chaque v\u00e9hicule<\/li>\n<\/ul>","protected":false},"excerpt":{"rendered":"<p>Le gilet de s\u00e9curit\u00e9 est jaune et r\u00e9fl\u00e9chissant pour une meilleure visibilit\u00e9 sur le bord de la route apr\u00e8s l\u2019arr\u00eat.<\/p>","protected":false},"featured_media":9990,"comment_status":"open","ping_status":"closed","template":"","meta":[],"product_brand":[],"product_cat":[393,75,79],"product_tag":[407,405,404,406],"class_list":{"0":"post-9989","1":"product","2":"type-product","3":"status-publish","4":"has-post-thumbnail","6":"product_cat-accessories","7":"product_cat-75","8":"product_cat-79","9":"product_tag-donger","10":"product_tag-jily","11":"product_tag-triangle-donpaine","12":"product_tag-406","14":"first","15":"instock","16":"virtual","17":"purchasable","18":"product-type-simple"},"jetpack_sharing_enabled":true,"_links":{"self":[{"href":"https:\/\/neocar.shop\/fr\/wp-json\/wp\/v2\/product\/9989"}],"collection":[{"href":"https:\/\/neocar.shop\/fr\/wp-json\/wp\/v2\/product"}],"about":[{"href":"https:\/\/neocar.shop\/fr\/wp-json\/wp\/v2\/types\/product"}],"replies":[{"embeddable":true,"href":"https:\/\/neocar.shop\/fr\/wp-json\/wp\/v2\/comments?post=9989"}],"version-history":[{"count":1,"href":"https:\/\/neocar.shop\/fr\/wp-json\/wp\/v2\/product\/9989\/revisions"}],"predecessor-version":[{"id":9994,"href":"https:\/\/neocar.shop\/fr\/wp-json\/wp\/v2\/product\/9989\/revisions\/9994"}],"wp:featuredmedia":[{"embeddable":true,"href":"https:\/\/neocar.shop\/fr\/wp-json\/wp\/v2\/media\/9990"}],"wp:attachment":[{"href":"https:\/\/neocar.shop\/fr\/wp-json\/wp\/v2\/media?parent=9989"}],"wp:term":[{"taxonomy":"product_brand","embeddable":true,"href":"https:\/\/neocar.shop\/fr\/wp-json\/wp\/v2\/product_brand?post=9989"},{"taxonomy":"product_cat","embeddable":true,"href":"https:\/\/neocar.shop\/fr\/wp-json\/wp\/v2\/product_cat?post=9989"},{"taxonomy":"product_tag","embeddable":true,"href":"https:\/\/neocar.shop\/fr\/wp-json\/wp\/v2\/product_tag?post=9989"}],"curies":[{"name":"wp","href":"https:\/\/api.w.org\/{rel}","templated":true}]}}