{"id":27028,"date":"2026-04-25T10:37:00","date_gmt":"2026-04-25T09:37:00","guid":{"rendered":"https:\/\/neocar.shop\/?post_type=product&#038;p=27028"},"modified":"2026-04-25T10:37:00","modified_gmt":"2026-04-25T09:37:00","slug":"couver-cle-en-metal-premiere","status":"publish","type":"product","link":"https:\/\/neocar.shop\/fr\/produit\/couver-cle-en-metal-premiere\/","title":{"rendered":"Couver cl\u00e9 en m\u00e9tal premi\u00e8re"},"content":{"rendered":"<p><a href=\"https:\/\/neocar.shop\/wp-content\/uploads\/2026\/04\/IMG_5179.png\"><img fetchpriority=\"high\" decoding=\"async\" class=\"alignnone size-medium wp-image-27033\" src=\"https:\/\/neocar.shop\/wp-content\/uploads\/2026\/04\/IMG_5179-300x300.png\" alt=\"\" width=\"300\" height=\"300\" srcset=\"https:\/\/neocar.shop\/wp-content\/uploads\/2026\/04\/IMG_5179-300x300.png 300w, https:\/\/neocar.shop\/wp-content\/uploads\/2026\/04\/IMG_5179-1024x1024.png 1024w, https:\/\/neocar.shop\/wp-content\/uploads\/2026\/04\/IMG_5179-150x150.png 150w, https:\/\/neocar.shop\/wp-content\/uploads\/2026\/04\/IMG_5179-768x768.png 768w, https:\/\/neocar.shop\/wp-content\/uploads\/2026\/04\/IMG_5179-1536x1536.png 1536w, https:\/\/neocar.shop\/wp-content\/uploads\/2026\/04\/IMG_5179-12x12.png 12w, https:\/\/neocar.shop\/wp-content\/uploads\/2026\/04\/IMG_5179-1200x1200.png 1200w, https:\/\/neocar.shop\/wp-content\/uploads\/2026\/04\/IMG_5179-600x600.png 600w, https:\/\/neocar.shop\/wp-content\/uploads\/2026\/04\/IMG_5179-148x148.png 148w, https:\/\/neocar.shop\/wp-content\/uploads\/2026\/04\/IMG_5179.png 2048w\" sizes=\"(max-width: 300px) 100vw, 300px\" \/><\/a> <a href=\"https:\/\/neocar.shop\/wp-content\/uploads\/2026\/04\/IMG_5181.png\"><img decoding=\"async\" class=\"alignnone size-medium wp-image-27034\" src=\"https:\/\/neocar.shop\/wp-content\/uploads\/2026\/04\/IMG_5181-300x300.png\" alt=\"\" width=\"300\" height=\"300\" srcset=\"https:\/\/neocar.shop\/wp-content\/uploads\/2026\/04\/IMG_5181-300x300.png 300w, https:\/\/neocar.shop\/wp-content\/uploads\/2026\/04\/IMG_5181-1024x1024.png 1024w, https:\/\/neocar.shop\/wp-content\/uploads\/2026\/04\/IMG_5181-150x150.png 150w, https:\/\/neocar.shop\/wp-content\/uploads\/2026\/04\/IMG_5181-768x768.png 768w, https:\/\/neocar.shop\/wp-content\/uploads\/2026\/04\/IMG_5181-1536x1536.png 1536w, https:\/\/neocar.shop\/wp-content\/uploads\/2026\/04\/IMG_5181-12x12.png 12w, https:\/\/neocar.shop\/wp-content\/uploads\/2026\/04\/IMG_5181-1200x1200.png 1200w, https:\/\/neocar.shop\/wp-content\/uploads\/2026\/04\/IMG_5181-600x600.png 600w, https:\/\/neocar.shop\/wp-content\/uploads\/2026\/04\/IMG_5181-148x148.png 148w, https:\/\/neocar.shop\/wp-content\/uploads\/2026\/04\/IMG_5181.png 2048w\" sizes=\"(max-width: 300px) 100vw, 300px\" \/><\/a><\/p>","protected":false},"excerpt":{"rendered":"<p>Disponible :geely coolray-gx3pro (main libre)<\/p>\n<p>livan x3 pro (main libre )<\/p>\n<p>kia kx1<\/p>\n<p>volkswagen:t-roc \/tiguan \/golf 6\/7\/8\/ t-cross \/octavia \/ polo \/ibiza &#8230;<\/p>\n<p>seat:arona \/ibiza \/ateca<\/p>\n<p>MG5<\/p>","protected":false},"featured_media":27029,"comment_status":"open","ping_status":"closed","template":"","meta":[],"product_brand":[],"product_cat":[393],"product_tag":[],"class_list":{"0":"post-27028","1":"product","2":"type-product","3":"status-publish","4":"has-post-thumbnail","6":"product_cat-accessories","8":"first","9":"instock","10":"shipping-taxable","11":"purchasable","12":"product-type-simple"},"jetpack_sharing_enabled":true,"_links":{"self":[{"href":"https:\/\/neocar.shop\/fr\/wp-json\/wp\/v2\/product\/27028"}],"collection":[{"href":"https:\/\/neocar.shop\/fr\/wp-json\/wp\/v2\/product"}],"about":[{"href":"https:\/\/neocar.shop\/fr\/wp-json\/wp\/v2\/types\/product"}],"replies":[{"embeddable":true,"href":"https:\/\/neocar.shop\/fr\/wp-json\/wp\/v2\/comments?post=27028"}],"version-history":[{"count":1,"href":"https:\/\/neocar.shop\/fr\/wp-json\/wp\/v2\/product\/27028\/revisions"}],"predecessor-version":[{"id":27035,"href":"https:\/\/neocar.shop\/fr\/wp-json\/wp\/v2\/product\/27028\/revisions\/27035"}],"wp:featuredmedia":[{"embeddable":true,"href":"https:\/\/neocar.shop\/fr\/wp-json\/wp\/v2\/media\/27029"}],"wp:attachment":[{"href":"https:\/\/neocar.shop\/fr\/wp-json\/wp\/v2\/media?parent=27028"}],"wp:term":[{"taxonomy":"product_brand","embeddable":true,"href":"https:\/\/neocar.shop\/fr\/wp-json\/wp\/v2\/product_brand?post=27028"},{"taxonomy":"product_cat","embeddable":true,"href":"https:\/\/neocar.shop\/fr\/wp-json\/wp\/v2\/product_cat?post=27028"},{"taxonomy":"product_tag","embeddable":true,"href":"https:\/\/neocar.shop\/fr\/wp-json\/wp\/v2\/product_tag?post=27028"}],"curies":[{"name":"wp","href":"https:\/\/api.w.org\/{rel}","templated":true}]}}