{"id":2079,"date":"2023-10-21T16:54:15","date_gmt":"2023-10-21T15:54:15","guid":{"rendered":"https:\/\/neocar.shop\/?post_type=product&#038;p=2079"},"modified":"2025-06-25T04:56:51","modified_gmt":"2025-06-25T03:56:51","slug":"liqui-moly-injection-cleaner","status":"publish","type":"product","link":"https:\/\/neocar.shop\/fr\/produit\/liqui-moly-injection-cleaner\/","title":{"rendered":"liqui moly Injection Cleaner"},"content":{"rendered":"<div id=\"featurebullets_feature_div\" class=\"celwidget\" data-feature-name=\"featurebullets\" data-csa-c-id=\"jsdd4d-189i4r-be685w-p90gks\" data-cel-widget=\"featurebullets_feature_div\">\n<div id=\"feature-bullets\" class=\"a-section a-spacing-medium a-spacing-top-small\">\n<ul class=\"a-unordered-list a-vertical a-spacing-mini\">\n<li style=\"text-align: left\"><span class=\"a-list-item\">Il nettoie les syst\u00e8mes d\u2019injection d\u2019essence contamin\u00e9s, \u00e9limine les d\u00e9p\u00f4ts et les d\u00e9p\u00f4ts de carbone de conduites de carburant, la distribution du carburant et des syst\u00e8mes d\u2019injection.<\/span><\/li>\n<\/ul>\n<\/div>\n<\/div>\n<div id=\"legalEUAtf_feature_div\" class=\"celwidget\" style=\"text-align: left\" data-feature-name=\"legalEUAtf\" data-csa-c-id=\"c1jay8-s3fk4f-kk0oi0-4ly0zl\" data-cel-widget=\"legalEUAtf_feature_div\">\n<div class=\"a-section a-spacing-mini a-spacing-top-small\"><span class=\"a-color-base a-text-bold\">S\u00e9curit\u00e9 du produit<\/span><\/div>\n<div class=\"a-section a-spacing-mini\"><\/div>\n<ul class=\"a-unordered-list a-vertical a-spacing-small\">\n<li>L\u2019exposition r\u00e9p\u00e9t\u00e9e peut provoquer dess\u00e8chement ou ger\u00e7ures de la peau.<\/li>\n<li>Nocif pour les organismes aquatiques, entra\u00eene des effets n\u00e9fastes \u00e0 long terme.<\/li>\n<li>Peut \u00eatre mortel en cas d\u2019ingestion et de p\u00e9n\u00e9tration dans les voies respiratoires.<\/li>\n<\/ul>\n<\/div>\n<div id=\"jp-relatedposts\" class=\"jp-relatedposts\" style=\"text-align: left\"><\/div>","protected":false},"excerpt":{"rendered":"<div class=\"woocommerce-product-details__short-description\">\n<ul>\n<li><span class=\"a-list-item\">Il nettoie les syst\u00e8mes d\u2019injection d\u2019essence contamin\u00e9s, \u00e9limine les d\u00e9p\u00f4ts et les d\u00e9p\u00f4ts de carbone de conduites de carburant, la distribution du carburant et des syst\u00e8mes d\u2019injection.<\/span><\/li>\n<\/ul>\n<\/div>\n<div class=\"product_meta\">\n<div class=\"posted_in\"><\/div>\n<\/div>","protected":false},"featured_media":2080,"comment_status":"open","ping_status":"closed","template":"","meta":[],"product_brand":[],"product_cat":[393,87,89,66],"product_tag":[303],"class_list":{"0":"post-2079","1":"product","2":"type-product","3":"status-publish","4":"has-post-thumbnail","6":"product_cat-accessories","7":"product_cat-87","8":"product_cat-89","9":"product_cat-car-care","10":"product_tag-liqui-moly","12":"first","13":"instock","14":"virtual","15":"purchasable","16":"product-type-simple"},"jetpack_sharing_enabled":true,"_links":{"self":[{"href":"https:\/\/neocar.shop\/fr\/wp-json\/wp\/v2\/product\/2079"}],"collection":[{"href":"https:\/\/neocar.shop\/fr\/wp-json\/wp\/v2\/product"}],"about":[{"href":"https:\/\/neocar.shop\/fr\/wp-json\/wp\/v2\/types\/product"}],"replies":[{"embeddable":true,"href":"https:\/\/neocar.shop\/fr\/wp-json\/wp\/v2\/comments?post=2079"}],"version-history":[{"count":3,"href":"https:\/\/neocar.shop\/fr\/wp-json\/wp\/v2\/product\/2079\/revisions"}],"predecessor-version":[{"id":13931,"href":"https:\/\/neocar.shop\/fr\/wp-json\/wp\/v2\/product\/2079\/revisions\/13931"}],"wp:featuredmedia":[{"embeddable":true,"href":"https:\/\/neocar.shop\/fr\/wp-json\/wp\/v2\/media\/2080"}],"wp:attachment":[{"href":"https:\/\/neocar.shop\/fr\/wp-json\/wp\/v2\/media?parent=2079"}],"wp:term":[{"taxonomy":"product_brand","embeddable":true,"href":"https:\/\/neocar.shop\/fr\/wp-json\/wp\/v2\/product_brand?post=2079"},{"taxonomy":"product_cat","embeddable":true,"href":"https:\/\/neocar.shop\/fr\/wp-json\/wp\/v2\/product_cat?post=2079"},{"taxonomy":"product_tag","embeddable":true,"href":"https:\/\/neocar.shop\/fr\/wp-json\/wp\/v2\/product_tag?post=2079"}],"curies":[{"name":"wp","href":"https:\/\/api.w.org\/{rel}","templated":true}]}}