{"id":1985,"date":"2023-10-06T08:18:23","date_gmt":"2023-10-06T07:18:23","guid":{"rendered":"https:\/\/neocar.shop\/?post_type=product&#038;p=1985"},"modified":"2025-04-08T22:51:56","modified_gmt":"2025-04-08T21:51:56","slug":"2-pieces-leviers-de-siege-reglables-pour-renault-clio-mk2-compusclio3-poignees-de-siege-adaptees-des-deux-cotes-droite-ou-gauche","status":"publish","type":"product","link":"https:\/\/neocar.shop\/fr\/produit\/2-pieces-leviers-de-siege-reglables-pour-renault-clio-mk2-compusclio3-poignees-de-siege-adaptees-des-deux-cotes-droite-ou-gauche\/","title":{"rendered":"pi\u00e8ces Leviers de si\u00e8ge r\u00e9glables pour Renault Clio"},"content":{"rendered":"","protected":false},"excerpt":{"rendered":"<p style=\"text-align: right;\"><strong>\u0642\u0637\u0639\u062a\u064a\u0646<\/strong><\/p>","protected":false},"featured_media":1989,"comment_status":"open","ping_status":"closed","template":"","meta":[],"product_brand":[],"product_cat":[81,86],"product_tag":[],"class_list":{"0":"post-1985","1":"product","2":"type-product","3":"status-publish","4":"has-post-thumbnail","6":"product_cat-81","7":"product_cat-86","9":"first","10":"instock","11":"virtual","12":"purchasable","13":"product-type-simple"},"jetpack_sharing_enabled":true,"_links":{"self":[{"href":"https:\/\/neocar.shop\/fr\/wp-json\/wp\/v2\/product\/1985"}],"collection":[{"href":"https:\/\/neocar.shop\/fr\/wp-json\/wp\/v2\/product"}],"about":[{"href":"https:\/\/neocar.shop\/fr\/wp-json\/wp\/v2\/types\/product"}],"replies":[{"embeddable":true,"href":"https:\/\/neocar.shop\/fr\/wp-json\/wp\/v2\/comments?post=1985"}],"version-history":[{"count":1,"href":"https:\/\/neocar.shop\/fr\/wp-json\/wp\/v2\/product\/1985\/revisions"}],"predecessor-version":[{"id":19528,"href":"https:\/\/neocar.shop\/fr\/wp-json\/wp\/v2\/product\/1985\/revisions\/19528"}],"wp:featuredmedia":[{"embeddable":true,"href":"https:\/\/neocar.shop\/fr\/wp-json\/wp\/v2\/media\/1989"}],"wp:attachment":[{"href":"https:\/\/neocar.shop\/fr\/wp-json\/wp\/v2\/media?parent=1985"}],"wp:term":[{"taxonomy":"product_brand","embeddable":true,"href":"https:\/\/neocar.shop\/fr\/wp-json\/wp\/v2\/product_brand?post=1985"},{"taxonomy":"product_cat","embeddable":true,"href":"https:\/\/neocar.shop\/fr\/wp-json\/wp\/v2\/product_cat?post=1985"},{"taxonomy":"product_tag","embeddable":true,"href":"https:\/\/neocar.shop\/fr\/wp-json\/wp\/v2\/product_tag?post=1985"}],"curies":[{"name":"wp","href":"https:\/\/api.w.org\/{rel}","templated":true}]}}