{"id":1938,"date":"2023-10-02T18:23:22","date_gmt":"2023-10-02T17:23:22","guid":{"rendered":"https:\/\/neocar.shop\/?post_type=product&#038;p=1938"},"modified":"2023-10-02T18:27:41","modified_gmt":"2023-10-02T17:27:41","slug":"tete-tremblante-style-amusant-expression-mignonne-a-la-mode-accessoires-dinterieur-de-voiture-jouets-de-decoration","status":"publish","type":"product","link":"https:\/\/neocar.shop\/fr\/produit\/tete-tremblante-style-amusant-expression-mignonne-a-la-mode-accessoires-dinterieur-de-voiture-jouets-de-decoration\/","title":{"rendered":"t\u00eate tremblante, style amusant, Expression mignonne \u00e0 la mode, accessoires d&#8217;int\u00e9rieur de voiture, jouets de d\u00e9coration"},"content":{"rendered":"<p style=\"text-align: left;\"><a href=\"http:\/\/neocar.shop\/wp-content\/uploads\/2023\/10\/IMG_0962.jpeg\"><img fetchpriority=\"high\" decoding=\"async\" class=\"size-medium wp-image-1944 aligncenter\" src=\"http:\/\/neocar.shop\/wp-content\/uploads\/2023\/10\/IMG_0962-300x300.jpeg\" alt=\"\" width=\"300\" height=\"300\" srcset=\"https:\/\/neocar.shop\/wp-content\/uploads\/2023\/10\/IMG_0962-300x300.jpeg 300w, https:\/\/neocar.shop\/wp-content\/uploads\/2023\/10\/IMG_0962-600x600.jpeg 600w, https:\/\/neocar.shop\/wp-content\/uploads\/2023\/10\/IMG_0962-148x148.jpeg 148w, https:\/\/neocar.shop\/wp-content\/uploads\/2023\/10\/IMG_0962-150x150.jpeg 150w, https:\/\/neocar.shop\/wp-content\/uploads\/2023\/10\/IMG_0962-768x768.jpeg 768w, https:\/\/neocar.shop\/wp-content\/uploads\/2023\/10\/IMG_0962.jpeg 800w\" sizes=\"(max-width: 300px) 100vw, 300px\" \/><\/a> <a href=\"http:\/\/neocar.shop\/wp-content\/uploads\/2023\/10\/IMG_0963.jpeg\"><img decoding=\"async\" class=\"size-medium wp-image-1945 aligncenter\" src=\"http:\/\/neocar.shop\/wp-content\/uploads\/2023\/10\/IMG_0963-300x300.jpeg\" alt=\"\" width=\"300\" height=\"300\" srcset=\"https:\/\/neocar.shop\/wp-content\/uploads\/2023\/10\/IMG_0963-300x300.jpeg 300w, https:\/\/neocar.shop\/wp-content\/uploads\/2023\/10\/IMG_0963-600x600.jpeg 600w, https:\/\/neocar.shop\/wp-content\/uploads\/2023\/10\/IMG_0963-148x148.jpeg 148w, https:\/\/neocar.shop\/wp-content\/uploads\/2023\/10\/IMG_0963-150x150.jpeg 150w, https:\/\/neocar.shop\/wp-content\/uploads\/2023\/10\/IMG_0963-768x768.jpeg 768w, https:\/\/neocar.shop\/wp-content\/uploads\/2023\/10\/IMG_0963.jpeg 800w\" sizes=\"(max-width: 300px) 100vw, 300px\" \/><\/a><\/p>","protected":false},"excerpt":{"rendered":"","protected":false},"featured_media":1939,"comment_status":"open","ping_status":"closed","template":"","meta":[],"product_brand":[],"product_cat":[393],"product_tag":[],"class_list":{"0":"post-1938","1":"product","2":"type-product","3":"status-publish","4":"has-post-thumbnail","6":"product_cat-accessories","8":"first","9":"instock","10":"shipping-taxable","11":"purchasable","12":"product-type-variable"},"jetpack_sharing_enabled":true,"_links":{"self":[{"href":"https:\/\/neocar.shop\/fr\/wp-json\/wp\/v2\/product\/1938"}],"collection":[{"href":"https:\/\/neocar.shop\/fr\/wp-json\/wp\/v2\/product"}],"about":[{"href":"https:\/\/neocar.shop\/fr\/wp-json\/wp\/v2\/types\/product"}],"replies":[{"embeddable":true,"href":"https:\/\/neocar.shop\/fr\/wp-json\/wp\/v2\/comments?post=1938"}],"version-history":[{"count":1,"href":"https:\/\/neocar.shop\/fr\/wp-json\/wp\/v2\/product\/1938\/revisions"}],"predecessor-version":[{"id":1954,"href":"https:\/\/neocar.shop\/fr\/wp-json\/wp\/v2\/product\/1938\/revisions\/1954"}],"wp:featuredmedia":[{"embeddable":true,"href":"https:\/\/neocar.shop\/fr\/wp-json\/wp\/v2\/media\/1939"}],"wp:attachment":[{"href":"https:\/\/neocar.shop\/fr\/wp-json\/wp\/v2\/media?parent=1938"}],"wp:term":[{"taxonomy":"product_brand","embeddable":true,"href":"https:\/\/neocar.shop\/fr\/wp-json\/wp\/v2\/product_brand?post=1938"},{"taxonomy":"product_cat","embeddable":true,"href":"https:\/\/neocar.shop\/fr\/wp-json\/wp\/v2\/product_cat?post=1938"},{"taxonomy":"product_tag","embeddable":true,"href":"https:\/\/neocar.shop\/fr\/wp-json\/wp\/v2\/product_tag?post=1938"}],"curies":[{"name":"wp","href":"https:\/\/api.w.org\/{rel}","templated":true}]}}