{"id":1901,"date":"2023-09-29T11:07:40","date_gmt":"2023-09-29T10:07:40","guid":{"rendered":"https:\/\/neocar.shop\/?post_type=product&#038;p=1901"},"modified":"2023-09-29T11:07:40","modified_gmt":"2023-09-29T10:07:40","slug":"support-telephone-de-retroviseur","status":"publish","type":"product","link":"https:\/\/neocar.shop\/fr\/produit\/support-telephone-de-retroviseur\/","title":{"rendered":"Support T\u00e9l\u00e9phone de R\u00e9troviseur"},"content":{"rendered":"","protected":false},"excerpt":{"rendered":"<p>Support de t\u00e9l\u00e9phone pour r\u00e9troviseur, vue arri\u00e8re de 360 degr\u00e9s<\/p>","protected":false},"featured_media":1904,"comment_status":"open","ping_status":"closed","template":"","meta":[],"product_brand":[],"product_cat":[393],"product_tag":[],"class_list":{"0":"post-1901","1":"product","2":"type-product","3":"status-publish","4":"has-post-thumbnail","6":"product_cat-accessories","8":"first","9":"instock","10":"virtual","11":"purchasable","12":"product-type-simple"},"jetpack_sharing_enabled":true,"_links":{"self":[{"href":"https:\/\/neocar.shop\/fr\/wp-json\/wp\/v2\/product\/1901"}],"collection":[{"href":"https:\/\/neocar.shop\/fr\/wp-json\/wp\/v2\/product"}],"about":[{"href":"https:\/\/neocar.shop\/fr\/wp-json\/wp\/v2\/types\/product"}],"replies":[{"embeddable":true,"href":"https:\/\/neocar.shop\/fr\/wp-json\/wp\/v2\/comments?post=1901"}],"version-history":[{"count":0,"href":"https:\/\/neocar.shop\/fr\/wp-json\/wp\/v2\/product\/1901\/revisions"}],"wp:featuredmedia":[{"embeddable":true,"href":"https:\/\/neocar.shop\/fr\/wp-json\/wp\/v2\/media\/1904"}],"wp:attachment":[{"href":"https:\/\/neocar.shop\/fr\/wp-json\/wp\/v2\/media?parent=1901"}],"wp:term":[{"taxonomy":"product_brand","embeddable":true,"href":"https:\/\/neocar.shop\/fr\/wp-json\/wp\/v2\/product_brand?post=1901"},{"taxonomy":"product_cat","embeddable":true,"href":"https:\/\/neocar.shop\/fr\/wp-json\/wp\/v2\/product_cat?post=1901"},{"taxonomy":"product_tag","embeddable":true,"href":"https:\/\/neocar.shop\/fr\/wp-json\/wp\/v2\/product_tag?post=1901"}],"curies":[{"name":"wp","href":"https:\/\/api.w.org\/{rel}","templated":true}]}}