{"id":1890,"date":"2023-09-29T10:57:10","date_gmt":"2023-09-29T09:57:10","guid":{"rendered":"https:\/\/neocar.shop\/?post_type=product&#038;p=1890"},"modified":"2023-09-29T10:57:11","modified_gmt":"2023-09-29T09:57:11","slug":"support-telephone-voiture","status":"publish","type":"product","link":"https:\/\/neocar.shop\/fr\/produit\/support-telephone-voiture\/","title":{"rendered":"Support T\u00e9l\u00e9phone Voiture"},"content":{"rendered":"","protected":false},"excerpt":{"rendered":"<p>Support magn\u00e9tique de t\u00e9l\u00e9phone en forme de L pour voiture, Clip de fixation<\/p>","protected":false},"featured_media":1894,"comment_status":"open","ping_status":"closed","template":"","meta":[],"product_brand":[],"product_cat":[96],"product_tag":[261,262,263],"class_list":{"0":"post-1890","1":"product","2":"type-product","3":"status-publish","4":"has-post-thumbnail","6":"product_cat-96","7":"product_tag-support-telephone","8":"product_tag-supporte","9":"product_tag-263","11":"first","12":"instock","13":"virtual","14":"purchasable","15":"product-type-simple"},"jetpack_sharing_enabled":true,"_links":{"self":[{"href":"https:\/\/neocar.shop\/fr\/wp-json\/wp\/v2\/product\/1890"}],"collection":[{"href":"https:\/\/neocar.shop\/fr\/wp-json\/wp\/v2\/product"}],"about":[{"href":"https:\/\/neocar.shop\/fr\/wp-json\/wp\/v2\/types\/product"}],"replies":[{"embeddable":true,"href":"https:\/\/neocar.shop\/fr\/wp-json\/wp\/v2\/comments?post=1890"}],"version-history":[{"count":0,"href":"https:\/\/neocar.shop\/fr\/wp-json\/wp\/v2\/product\/1890\/revisions"}],"wp:featuredmedia":[{"embeddable":true,"href":"https:\/\/neocar.shop\/fr\/wp-json\/wp\/v2\/media\/1894"}],"wp:attachment":[{"href":"https:\/\/neocar.shop\/fr\/wp-json\/wp\/v2\/media?parent=1890"}],"wp:term":[{"taxonomy":"product_brand","embeddable":true,"href":"https:\/\/neocar.shop\/fr\/wp-json\/wp\/v2\/product_brand?post=1890"},{"taxonomy":"product_cat","embeddable":true,"href":"https:\/\/neocar.shop\/fr\/wp-json\/wp\/v2\/product_cat?post=1890"},{"taxonomy":"product_tag","embeddable":true,"href":"https:\/\/neocar.shop\/fr\/wp-json\/wp\/v2\/product_tag?post=1890"}],"curies":[{"name":"wp","href":"https:\/\/api.w.org\/{rel}","templated":true}]}}