{"id":1883,"date":"2023-09-29T10:51:46","date_gmt":"2023-09-29T09:51:46","guid":{"rendered":"https:\/\/neocar.shop\/?post_type=product&#038;p=1883"},"modified":"2023-09-29T10:51:46","modified_gmt":"2023-09-29T09:51:46","slug":"support-de-telephone-universel-pour-grille-daeration","status":"publish","type":"product","link":"https:\/\/neocar.shop\/fr\/produit\/support-de-telephone-universel-pour-grille-daeration\/","title":{"rendered":"support de t\u00e9l\u00e9phone universel pour grille d\u2019a\u00e9ration"},"content":{"rendered":"","protected":false},"excerpt":{"rendered":"<p>Support de t\u00e9l\u00e9phone portable par gravit\u00e9 pour voiture, pour Smartphone, GPS, non magn\u00e9tique<\/p>","protected":false},"featured_media":1886,"comment_status":"open","ping_status":"closed","template":"","meta":[],"product_brand":[],"product_cat":[96],"product_tag":[],"class_list":{"0":"post-1883","1":"product","2":"type-product","3":"status-publish","4":"has-post-thumbnail","6":"product_cat-96","8":"first","9":"instock","10":"virtual","11":"purchasable","12":"product-type-simple"},"jetpack_sharing_enabled":true,"_links":{"self":[{"href":"https:\/\/neocar.shop\/fr\/wp-json\/wp\/v2\/product\/1883"}],"collection":[{"href":"https:\/\/neocar.shop\/fr\/wp-json\/wp\/v2\/product"}],"about":[{"href":"https:\/\/neocar.shop\/fr\/wp-json\/wp\/v2\/types\/product"}],"replies":[{"embeddable":true,"href":"https:\/\/neocar.shop\/fr\/wp-json\/wp\/v2\/comments?post=1883"}],"version-history":[{"count":1,"href":"https:\/\/neocar.shop\/fr\/wp-json\/wp\/v2\/product\/1883\/revisions"}],"predecessor-version":[{"id":1887,"href":"https:\/\/neocar.shop\/fr\/wp-json\/wp\/v2\/product\/1883\/revisions\/1887"}],"wp:featuredmedia":[{"embeddable":true,"href":"https:\/\/neocar.shop\/fr\/wp-json\/wp\/v2\/media\/1886"}],"wp:attachment":[{"href":"https:\/\/neocar.shop\/fr\/wp-json\/wp\/v2\/media?parent=1883"}],"wp:term":[{"taxonomy":"product_brand","embeddable":true,"href":"https:\/\/neocar.shop\/fr\/wp-json\/wp\/v2\/product_brand?post=1883"},{"taxonomy":"product_cat","embeddable":true,"href":"https:\/\/neocar.shop\/fr\/wp-json\/wp\/v2\/product_cat?post=1883"},{"taxonomy":"product_tag","embeddable":true,"href":"https:\/\/neocar.shop\/fr\/wp-json\/wp\/v2\/product_tag?post=1883"}],"curies":[{"name":"wp","href":"https:\/\/api.w.org\/{rel}","templated":true}]}}