{"id":18134,"date":"2025-02-16T22:09:27","date_gmt":"2025-02-16T21:09:27","guid":{"rendered":"https:\/\/neocar.shop\/?post_type=product&#038;p=18134"},"modified":"2025-02-16T22:09:27","modified_gmt":"2025-02-16T21:09:27","slug":"v6-autoshampoo","status":"publish","type":"product","link":"https:\/\/neocar.shop\/fr\/produit\/v6-autoshampoo\/","title":{"rendered":"V6 AUTOSHAMPOO"},"content":{"rendered":"<section class=\"col8 card _fw -pvs -mvxs -fs12\">\n<h2 class=\"-m -fs14 -phs\" style=\"text-align: left;\">Description<\/h2>\n<div class=\"markup -oxa -pas\" style=\"text-align: left;\">\n<p>Produit \u00e9tudi\u00e9 pour un lavage facile et soign\u00e9 des v\u00e9hicules, il suffit de diluer quelques grammes d\u2019AUTOSHAMPOO, environ 40g dans un seau d\u2019eau de 10 litres pour obtenir une solution fortement moussante et d\u00e9tergente, que vous pourrez ensuite appliquer avec une \u00e9ponge ou un gant de lavage, rincer ensuite \u00e0 l\u2019eau claire, la voiture sera parfaitement propre et brillante. Il convient parfaitement aux professionnels du detailing et prot\u00e8ge le rev\u00eatement c\u00e9ramique<\/p>\n<p>&nbsp;<\/p>\n<\/div>\n<\/section>\n<section class=\"col8 card _fw -pvs -mvxs -fs12\">\n<p style=\"text-align: left;\">Principales caract\u00e9ristiques<\/p>\n<p style=\"text-align: left;\">NETTOYAGE SANS TRACES.<\/p>\n<p style=\"text-align: left;\">\u00a0DEGRAISSE EN PROFONDEUR<\/p>\n<p style=\"text-align: left;\">FINITION BRILLANTE INTENSE<\/p>\n<\/section>\n<p>&nbsp;<\/p>","protected":false},"excerpt":{"rendered":"<p>Description Produit \u00e9tudi\u00e9 pour un lavage facile et soign\u00e9 des v\u00e9hicules, il suffit de diluer quelques grammes d\u2019AUTOSHAMPOO, environ 40g<\/p>","protected":false},"featured_media":18130,"comment_status":"open","ping_status":"closed","template":"","meta":[],"product_brand":[],"product_cat":[393],"product_tag":[],"class_list":{"0":"post-18134","1":"product","2":"type-product","3":"status-publish","4":"has-post-thumbnail","6":"product_cat-accessories","8":"first","9":"instock","10":"shipping-taxable","11":"purchasable","12":"product-type-simple"},"jetpack_sharing_enabled":true,"_links":{"self":[{"href":"https:\/\/neocar.shop\/fr\/wp-json\/wp\/v2\/product\/18134"}],"collection":[{"href":"https:\/\/neocar.shop\/fr\/wp-json\/wp\/v2\/product"}],"about":[{"href":"https:\/\/neocar.shop\/fr\/wp-json\/wp\/v2\/types\/product"}],"replies":[{"embeddable":true,"href":"https:\/\/neocar.shop\/fr\/wp-json\/wp\/v2\/comments?post=18134"}],"version-history":[{"count":1,"href":"https:\/\/neocar.shop\/fr\/wp-json\/wp\/v2\/product\/18134\/revisions"}],"predecessor-version":[{"id":18135,"href":"https:\/\/neocar.shop\/fr\/wp-json\/wp\/v2\/product\/18134\/revisions\/18135"}],"wp:featuredmedia":[{"embeddable":true,"href":"https:\/\/neocar.shop\/fr\/wp-json\/wp\/v2\/media\/18130"}],"wp:attachment":[{"href":"https:\/\/neocar.shop\/fr\/wp-json\/wp\/v2\/media?parent=18134"}],"wp:term":[{"taxonomy":"product_brand","embeddable":true,"href":"https:\/\/neocar.shop\/fr\/wp-json\/wp\/v2\/product_brand?post=18134"},{"taxonomy":"product_cat","embeddable":true,"href":"https:\/\/neocar.shop\/fr\/wp-json\/wp\/v2\/product_cat?post=18134"},{"taxonomy":"product_tag","embeddable":true,"href":"https:\/\/neocar.shop\/fr\/wp-json\/wp\/v2\/product_tag?post=18134"}],"curies":[{"name":"wp","href":"https:\/\/api.w.org\/{rel}","templated":true}]}}