{"id":1786,"date":"2023-09-27T22:04:49","date_gmt":"2023-09-27T21:04:49","guid":{"rendered":"https:\/\/neocar.shop\/?post_type=product&#038;p=1786"},"modified":"2025-08-05T01:47:29","modified_gmt":"2025-08-05T00:47:29","slug":"led-auto-lampe-usb-lumiere-ambiante","status":"publish","type":"product","link":"https:\/\/neocar.shop\/fr\/produit\/led-auto-lampe-usb-lumiere-ambiante\/","title":{"rendered":"Led Auto Lampe USB Lumi\u00e8re Ambiante"},"content":{"rendered":"<p style=\"text-align: center;\">\u0627\u062d\u0635\u0644 \u0639\u0644\u0649 \u0645\u0635\u0628\u0627\u062d \u0645\u0644\u0648\u0646 \u0631\u0627\u0626\u0639 \u064a\u062d\u0645\u0644 \u0645\u0646\u0641\u0630 USB<\/p>\n<p style=\"text-align: center;\">\u0648\u064a\u0645\u0646\u062d\u0643 \u0623\u062c\u0648\u0627\u0621 \u0631\u0627\u0626\u0639\u0629 \u0648\u0623\u0644\u0648\u0627\u0646 \u0645\u062e\u062a\u0644\u0641\u0629! \u0627\u0633\u062a\u0645\u062a\u0639 \u0628\u0627\u0644\u0625\u0636\u0627\u0621\u0629 \u0627\u0644\u0645\u062b\u0627\u0644\u064a\u0629 \u0648\u0627\u0644\u0623\u062c\u0648\u0627\u0621 \u0627\u0644\u0645\u0645\u064a\u0632\u0629 \u0645\u0639 \u0645\u0635\u0628\u0627\u062d \u0627\u0644\u0623\u0644\u0648\u0627\u0646. \u0627\u062d\u0635\u0644 \u0639\u0644\u064a\u0647 \u0627\u0644\u0622\u0646 \u0648\u063a\u064a\u0651\u0631 \u062a\u062c\u0631\u0628\u062a\u0643 \u0627\u0644\u0625\u0636\u0627\u0621\u0629 \u0628\u0634\u0643\u0644 \u0645\u0630\u0647\u0644. \u0627\u0637\u0644\u0628 \u0645\u0635\u0628\u0627\u062d \u0627\u0644\u0623\u0644\u0648\u0627\u0646 \u0627\u0644\u0622\u0646 \u0648\u0627\u0646\u063a\u0645\u0633 \u0641\u064a \u062a\u062c\u0631\u0628\u0629 \u0641\u0631\u064a\u062f\u0629 \u0645\u0646 \u0646\u0648\u0639\u0647\u0627!<\/p>\n<p style=\"text-align: center;\"><a href=\"http:\/\/neocar.shop\/wp-content\/uploads\/2023\/09\/IMG_0712.jpeg\"><img fetchpriority=\"high\" decoding=\"async\" class=\"alignnone size-medium wp-image-1788\" src=\"http:\/\/neocar.shop\/wp-content\/uploads\/2023\/09\/IMG_0712-300x300.jpeg\" alt=\"\" width=\"300\" height=\"300\" srcset=\"https:\/\/neocar.shop\/wp-content\/uploads\/2023\/09\/IMG_0712-300x300.jpeg 300w, https:\/\/neocar.shop\/wp-content\/uploads\/2023\/09\/IMG_0712-600x600.jpeg 600w, https:\/\/neocar.shop\/wp-content\/uploads\/2023\/09\/IMG_0712-148x148.jpeg 148w, https:\/\/neocar.shop\/wp-content\/uploads\/2023\/09\/IMG_0712-150x150.jpeg 150w, https:\/\/neocar.shop\/wp-content\/uploads\/2023\/09\/IMG_0712-768x768.jpeg 768w, https:\/\/neocar.shop\/wp-content\/uploads\/2023\/09\/IMG_0712.jpeg 960w\" sizes=\"(max-width: 300px) 100vw, 300px\" \/><\/a><\/p>\n<p style=\"text-align: center;\"><a href=\"http:\/\/neocar.shop\/wp-content\/uploads\/2023\/09\/IMG_0716.jpeg\"><img decoding=\"async\" class=\"alignnone size-medium wp-image-1791\" src=\"http:\/\/neocar.shop\/wp-content\/uploads\/2023\/09\/IMG_0716-300x300.jpeg\" alt=\"\" width=\"300\" height=\"300\" srcset=\"https:\/\/neocar.shop\/wp-content\/uploads\/2023\/09\/IMG_0716-300x300.jpeg 300w, https:\/\/neocar.shop\/wp-content\/uploads\/2023\/09\/IMG_0716-600x600.jpeg 600w, https:\/\/neocar.shop\/wp-content\/uploads\/2023\/09\/IMG_0716-148x148.jpeg 148w, https:\/\/neocar.shop\/wp-content\/uploads\/2023\/09\/IMG_0716-150x150.jpeg 150w, https:\/\/neocar.shop\/wp-content\/uploads\/2023\/09\/IMG_0716-768x768.jpeg 768w, https:\/\/neocar.shop\/wp-content\/uploads\/2023\/09\/IMG_0716.jpeg 1000w\" sizes=\"(max-width: 300px) 100vw, 300px\" \/><\/a><\/p>","protected":false},"excerpt":{"rendered":"<p>Voiture Led Auto Lampe USB Lumi\u00e8re Ambiante DJ RVB Mini Color\u00e9 Musique Son Lumi\u00e8re Wild USB<\/p>","protected":false},"featured_media":1787,"comment_status":"open","ping_status":"closed","template":"","meta":[],"product_brand":[],"product_cat":[96,89],"product_tag":[225,228,227,230,231],"class_list":{"0":"post-1786","1":"product","2":"type-product","3":"status-publish","4":"has-post-thumbnail","6":"product_cat-96","7":"product_cat-89","8":"product_tag-led","9":"product_tag-militie-coleur","10":"product_tag-rgb","11":"product_tag-230","12":"product_tag-231","14":"first","15":"instock","16":"shipping-taxable","17":"purchasable","18":"product-type-simple"},"jetpack_sharing_enabled":true,"_links":{"self":[{"href":"https:\/\/neocar.shop\/fr\/wp-json\/wp\/v2\/product\/1786"}],"collection":[{"href":"https:\/\/neocar.shop\/fr\/wp-json\/wp\/v2\/product"}],"about":[{"href":"https:\/\/neocar.shop\/fr\/wp-json\/wp\/v2\/types\/product"}],"replies":[{"embeddable":true,"href":"https:\/\/neocar.shop\/fr\/wp-json\/wp\/v2\/comments?post=1786"}],"version-history":[{"count":0,"href":"https:\/\/neocar.shop\/fr\/wp-json\/wp\/v2\/product\/1786\/revisions"}],"wp:featuredmedia":[{"embeddable":true,"href":"https:\/\/neocar.shop\/fr\/wp-json\/wp\/v2\/media\/1787"}],"wp:attachment":[{"href":"https:\/\/neocar.shop\/fr\/wp-json\/wp\/v2\/media?parent=1786"}],"wp:term":[{"taxonomy":"product_brand","embeddable":true,"href":"https:\/\/neocar.shop\/fr\/wp-json\/wp\/v2\/product_brand?post=1786"},{"taxonomy":"product_cat","embeddable":true,"href":"https:\/\/neocar.shop\/fr\/wp-json\/wp\/v2\/product_cat?post=1786"},{"taxonomy":"product_tag","embeddable":true,"href":"https:\/\/neocar.shop\/fr\/wp-json\/wp\/v2\/product_tag?post=1786"}],"curies":[{"name":"wp","href":"https:\/\/api.w.org\/{rel}","templated":true}]}}