{"id":1756,"date":"2023-09-26T16:29:12","date_gmt":"2023-09-26T15:29:12","guid":{"rendered":"https:\/\/neocar.shop\/?post_type=product&#038;p=1756"},"modified":"2024-03-03T10:11:28","modified_gmt":"2024-03-03T09:11:28","slug":"film-impermeable-pour-retroviseur","status":"publish","type":"product","link":"https:\/\/neocar.shop\/fr\/produit\/film-impermeable-pour-retroviseur\/","title":{"rendered":"Film imperm\u00e9able pour r\u00e9troviseur"},"content":{"rendered":"<p style=\"text-align: right;\"><strong>\u0627\u062d\u0635\u0644 \u0639\u0644\u0649 \u0627\u0644\u062d\u0644 \u0627\u0644\u0646\u0647\u0627\u0626\u064a \u00a0\u0644\u0645\u0631\u0622\u0629 \u0633\u064a\u0627\u0631\u062a\u0643 \u0645\u0639 \u0648\u0631\u0642 \u0645\u0642\u0627\u0648\u0645 \u0644\u0644\u0645\u0627\u0621 \u0644\u0644\u0645\u0631\u0622\u0629 \u0627\u0644\u062c\u0627\u0646\u0628\u064a\u0629! \u062a\u0645\u062a\u0639 \u0628\u0631\u0624\u064a\u0629 \u0648\u0627\u0636\u062d\u0629 \u0648\u062e\u0627\u0644\u064a\u0629 \u0645\u0646 \u0627\u0644\u0645\u0627\u0621 \u0623\u062b\u0646\u0627\u0621 \u0627\u0644\u0642\u064a\u0627\u062f\u0629\u060c \u0641\u0647\u0630\u0627 \u0627\u0644\u0641\u064a\u0644\u0645 \u0627\u0644\u0634\u0641\u0627\u0641 \u0627\u0644\u0644\u0627\u0635\u0642 \u064a\u062d\u0645\u064a \u0627\u0644\u0645\u0631\u0622\u0629 \u0645\u0646 \u0642\u0637\u0631\u0627\u062a \u0627\u0644\u0645\u0627\u0621 \u0627\u0644\u0645\u0632\u0639\u062c\u0629 \u0648\u064a\u062d\u0627\u0641\u0638 \u0639\u0644\u0649 \u0645\u0638\u0647\u0631\u0647\u0627 \u0627\u0644\u0631\u0627\u0626\u0639. \u0627\u0646\u0633\u0649 \u0627\u0644\u0636\u0628\u0627\u0628\u064a\u0629 \u0648\u0627\u0644\u062a\u0634\u0648\u064a\u0634 \u0628\u0641\u0636\u0644 \u0647\u0630\u0627 \u0627\u0644\u062d\u0644 \u0627\u0644\u0639\u0645\u0644\u064a \u0648\u0627\u0644\u0641\u0639\u0627\u0644. \u0644\u0627 \u062f\u0627\u0639\u064a \u0644\u0644\u0642\u0644\u0642 \u0628\u0639\u062f \u0627\u0644\u0622\u0646 \u0645\u0646 \u0627\u0644\u0623\u0645\u0637\u0627\u0631 \u0623\u0648 \u0627\u0644\u0636\u0628\u0627\u0628\u060c \u0641\u0627\u0644\u0641\u064a\u0644\u0645 \u0627\u0644\u0645\u0642\u0627\u0648\u0645 \u0644\u0644\u0645\u0627\u0621 \u0633\u064a\u0644\u0628\u064a \u062d\u0627\u062c\u062a\u0643 \u062a\u0645\u0627\u0645\u064b\u0627. \u0627\u062d\u0635\u0644 \u0639\u0644\u0649 \u0627\u0644\u062c\u0648\u062f\u0629 \u0648\u0627\u0644\u0623\u062f\u0627\u0621 \u0627\u0644\u0645\u062a\u0645\u064a\u0632\u064a\u0646 \u0645\u0639 \u0645\u0646\u062a\u062c\u0646\u0627 \u0627\u0644\u0631\u0627\u0626\u0639!<\/strong><\/p>","protected":false},"excerpt":{"rendered":"<p>Film imperm\u00e9able pour r\u00e9troviseur de voiture, 2 pi\u00e8ces, protection contre la pluie, Anti-brouillard, \u00e9tanche, Membrane autocollante<\/p>","protected":false},"featured_media":1761,"comment_status":"open","ping_status":"closed","template":"","meta":[],"product_brand":[],"product_cat":[66],"product_tag":[],"class_list":{"0":"post-1756","1":"product","2":"type-product","3":"status-publish","4":"has-post-thumbnail","6":"product_cat-car-care","8":"first","9":"instock","10":"sale","11":"shipping-taxable","12":"purchasable","13":"product-type-simple"},"jetpack_sharing_enabled":true,"_links":{"self":[{"href":"https:\/\/neocar.shop\/fr\/wp-json\/wp\/v2\/product\/1756"}],"collection":[{"href":"https:\/\/neocar.shop\/fr\/wp-json\/wp\/v2\/product"}],"about":[{"href":"https:\/\/neocar.shop\/fr\/wp-json\/wp\/v2\/types\/product"}],"replies":[{"embeddable":true,"href":"https:\/\/neocar.shop\/fr\/wp-json\/wp\/v2\/comments?post=1756"}],"version-history":[{"count":1,"href":"https:\/\/neocar.shop\/fr\/wp-json\/wp\/v2\/product\/1756\/revisions"}],"predecessor-version":[{"id":10947,"href":"https:\/\/neocar.shop\/fr\/wp-json\/wp\/v2\/product\/1756\/revisions\/10947"}],"wp:featuredmedia":[{"embeddable":true,"href":"https:\/\/neocar.shop\/fr\/wp-json\/wp\/v2\/media\/1761"}],"wp:attachment":[{"href":"https:\/\/neocar.shop\/fr\/wp-json\/wp\/v2\/media?parent=1756"}],"wp:term":[{"taxonomy":"product_brand","embeddable":true,"href":"https:\/\/neocar.shop\/fr\/wp-json\/wp\/v2\/product_brand?post=1756"},{"taxonomy":"product_cat","embeddable":true,"href":"https:\/\/neocar.shop\/fr\/wp-json\/wp\/v2\/product_cat?post=1756"},{"taxonomy":"product_tag","embeddable":true,"href":"https:\/\/neocar.shop\/fr\/wp-json\/wp\/v2\/product_tag?post=1756"}],"curies":[{"name":"wp","href":"https:\/\/api.w.org\/{rel}","templated":true}]}}