{"id":15607,"date":"2024-12-04T19:44:36","date_gmt":"2024-12-04T18:44:36","guid":{"rendered":"https:\/\/neocar.shop\/?post_type=product&#038;p=15607"},"modified":"2024-12-04T19:44:36","modified_gmt":"2024-12-04T18:44:36","slug":"coque-cle-telecommande-voiture-peugeot-citroen-avec-lame207-307-308-407-408-3008-5008-citroen-c2-c3-c4-c5-c6-c8-2-boutons-ce0536","status":"publish","type":"product","link":"https:\/\/neocar.shop\/fr\/produit\/coque-cle-telecommande-voiture-peugeot-citroen-avec-lame207-307-308-407-408-3008-5008-citroen-c2-c3-c4-c5-c6-c8-2-boutons-ce0536\/","title":{"rendered":"Coque cl\u00e9 t\u00e9l\u00e9commande voiture Peugeot Citro\u00ebn avec lame207 307 308 407 408 3008 5008 Citroen C2 C3 C4 C5 C6 C8 (2 Boutons, CE0536"},"content":{"rendered":"","protected":false},"excerpt":{"rendered":"<p>\u063a\u0644\u0627\u0641 \u0645\u0641\u062a\u0627\u062d \u0644\u0644\u0645\u0631\u0643\u0628\u0627\u062a \u0645\u062a\u0648\u0627\u0641\u0642 \u0645\u0639 \u0628\u064a\u062c\u0648 \u0633\u064a\u062a\u0631\u0648\u064a\u0646\u062a\u062d\u0642\u0642 \u0642\u0628\u0644 \u0627\u0644\u0634\u0631\u0627\u0621 \u0645\u0646 \u0623\u0646 \u062c\u0647\u0627\u0632 \u0627\u0644\u062a\u062d\u0643\u0645 \u0639\u0646 \u0628\u0639\u062f \u0627\u0644\u062e\u0627\u0635 \u0628\u0643 \u0645\u0637\u0627\u0628\u0642 \u0644\u0644\u0635\u0648\u0631\u0628\u062f\u0648\u0646 \u0625\u0644\u0643\u062a\u0631\u0648\u0646\u064a\u0627\u062a &#8211; \u064a\u062c\u0628 \u0627\u0633\u062a\u0639\u0627\u062f\u0629 \u0627\u0644\u062f\u0627\u0626\u0631\u0629 \u0627\u0644\u0645\u0637\u0628\u0648\u0639\u0629 \u0648\u0627\u0644\u0634\u0641\u0631\u0629 \u0648\u0627\u0644\u0628\u0637\u0627\u0631\u064a\u0629 \u0641\u064a \u062d\u0627\u0644\u062a\u0643 \u0627\u0644\u0642\u062f\u064a\u0645\u0629. \u062d\u0627\u0641\u0638\u0629 \u0639\u0627\u0644\u064a\u0629 \u0627\u0644\u062c\u0648\u062f\u0629 &#8211; \u0644\u0627\u0633\u062a\u0628\u062f\u0627\u0644 \u063a\u0637\u0627\u0621 \u0633\u064a\u0627\u0631\u062a\u0643 \u0627\u0644\u062a\u0627\u0644\u0641 \u0628\u062d\u0627\u0641\u0638\u0629 \u062c\u062f\u064a\u062f\u0629 \u0641\u0627\u0626\u0642\u0629 \u0627\u0644\u0645\u0642\u0627\u0648\u0645\u0629. \u062a\u0635\u0645\u064a\u0645 \u0639\u0627\u0645 \u0641\u0627\u0631\u063a: \u064a\u0645\u0643\u0646\u0643 \u0625\u0639\u0627\u062f\u0629 \u0627\u0633\u062a\u062e\u062f\u0627\u0645 \u062c\u0632\u0621 \u0627\u0644\u0634\u0639\u0627\u0631 \u0645\u0646 \u062d\u0627\u0644\u062a\u0643 \u0627\u0644\u0642\u062f\u064a\u0645\u0629. 2 \u0623\u0632\u0631\u0627\u0631 (\u0641\u062a\u062d \/ \u0625\u063a\u0644\u0627\u0642).\u0627\u0644\u062a\u062c\u0645\u064a\u0639 \u0627\u0644\u0633\u0647\u0644 \u0648\u0627\u0644\u0633\u0631\u064a\u0639 &#8211; \u0627\u0641\u062a\u062d \u0635\u0646\u062f\u0648\u0642 \u0627\u0644\u0645\u0641\u062a\u0627\u062d \u0627\u0644\u0642\u062f\u064a\u0645 \u060c \u0648\u0627\u0633\u062a\u0639\u062f \u0627\u0644\u062f\u0627\u0626\u0631\u0629 \u0627\u0644\u0625\u0644\u0643\u062a\u0631\u0648\u0646\u064a\u0629 + \u062c\u0647\u0627\u0632 \u0627\u0644\u0625\u0631\u0633\u0627\u0644 \u0648\u0627\u0644\u0627\u0633\u062a\u0642\u0628\u0627\u0644 +<\/p>","protected":false},"featured_media":15608,"comment_status":"open","ping_status":"closed","template":"","meta":[],"product_brand":[],"product_cat":[393],"product_tag":[],"class_list":{"0":"post-15607","1":"product","2":"type-product","3":"status-publish","4":"has-post-thumbnail","6":"product_cat-accessories","8":"first","9":"instock","10":"shipping-taxable","11":"purchasable","12":"product-type-simple"},"jetpack_sharing_enabled":true,"_links":{"self":[{"href":"https:\/\/neocar.shop\/fr\/wp-json\/wp\/v2\/product\/15607"}],"collection":[{"href":"https:\/\/neocar.shop\/fr\/wp-json\/wp\/v2\/product"}],"about":[{"href":"https:\/\/neocar.shop\/fr\/wp-json\/wp\/v2\/types\/product"}],"replies":[{"embeddable":true,"href":"https:\/\/neocar.shop\/fr\/wp-json\/wp\/v2\/comments?post=15607"}],"version-history":[{"count":2,"href":"https:\/\/neocar.shop\/fr\/wp-json\/wp\/v2\/product\/15607\/revisions"}],"predecessor-version":[{"id":15612,"href":"https:\/\/neocar.shop\/fr\/wp-json\/wp\/v2\/product\/15607\/revisions\/15612"}],"wp:featuredmedia":[{"embeddable":true,"href":"https:\/\/neocar.shop\/fr\/wp-json\/wp\/v2\/media\/15608"}],"wp:attachment":[{"href":"https:\/\/neocar.shop\/fr\/wp-json\/wp\/v2\/media?parent=15607"}],"wp:term":[{"taxonomy":"product_brand","embeddable":true,"href":"https:\/\/neocar.shop\/fr\/wp-json\/wp\/v2\/product_brand?post=15607"},{"taxonomy":"product_cat","embeddable":true,"href":"https:\/\/neocar.shop\/fr\/wp-json\/wp\/v2\/product_cat?post=15607"},{"taxonomy":"product_tag","embeddable":true,"href":"https:\/\/neocar.shop\/fr\/wp-json\/wp\/v2\/product_tag?post=15607"}],"curies":[{"name":"wp","href":"https:\/\/api.w.org\/{rel}","templated":true}]}}