{"id":15250,"date":"2024-11-24T08:24:52","date_gmt":"2024-11-24T07:24:52","guid":{"rendered":"https:\/\/neocar.shop\/?post_type=product&#038;p=15250"},"modified":"2024-11-24T08:25:58","modified_gmt":"2024-11-24T07:25:58","slug":"anti-buee-500ml-glass-net","status":"publish","type":"product","link":"https:\/\/neocar.shop\/fr\/produit\/anti-buee-500ml-glass-net\/","title":{"rendered":"Anti bu\u00e9e 500ml GLASS-NET"},"content":{"rendered":"<p style=\"text-align: left;\"><strong>Mode d\u2019emploi<\/strong><\/p>\n<ul style=\"text-align: left;\">\n<li>Agiter le pulv\u00e9risateur quelques instants puis pulv\u00e9riser en commen\u00e7ant par la partie haute<\/li>\n<li>Essuyer avec une microfibre propre<\/li>\n<\/ul>\n<p style=\"text-align: left;\">A savoir : en cas de pare-brise sale, utiliser l\u2019anti-bu\u00e9e comme un nettoyant et repasser une nouvelle fois le produit pour avoir un effet optimal.<\/p>","protected":false},"excerpt":{"rendered":"<ul>\n<li style=\"text-align: left;\">Evite la bu\u00e9e et nettoie les surfaces vitr\u00e9es<\/li>\n<li style=\"text-align: left;\">N\u2019attaque ni les plastiques ni les caoutchoucs<\/li>\n<li style=\"text-align: left;\">Effet curatif et pr\u00e9ventif en \u00e9vitant la reprise de la bu\u00e9e<\/li>\n<li style=\"text-align: left;\">Efficace pour pare-brise de voiture, lunette arri\u00e8re, visi\u00e8re de moto, utilisation domestique tel que miroir de salle de bain<\/li>\n<\/ul>","protected":false},"featured_media":15252,"comment_status":"open","ping_status":"closed","template":"","meta":[],"product_brand":[],"product_cat":[393],"product_tag":[],"class_list":{"0":"post-15250","1":"product","2":"type-product","3":"status-publish","4":"has-post-thumbnail","6":"product_cat-accessories","8":"first","9":"instock","10":"shipping-taxable","11":"purchasable","12":"product-type-simple"},"jetpack_sharing_enabled":true,"_links":{"self":[{"href":"https:\/\/neocar.shop\/fr\/wp-json\/wp\/v2\/product\/15250"}],"collection":[{"href":"https:\/\/neocar.shop\/fr\/wp-json\/wp\/v2\/product"}],"about":[{"href":"https:\/\/neocar.shop\/fr\/wp-json\/wp\/v2\/types\/product"}],"replies":[{"embeddable":true,"href":"https:\/\/neocar.shop\/fr\/wp-json\/wp\/v2\/comments?post=15250"}],"version-history":[{"count":2,"href":"https:\/\/neocar.shop\/fr\/wp-json\/wp\/v2\/product\/15250\/revisions"}],"predecessor-version":[{"id":15254,"href":"https:\/\/neocar.shop\/fr\/wp-json\/wp\/v2\/product\/15250\/revisions\/15254"}],"wp:featuredmedia":[{"embeddable":true,"href":"https:\/\/neocar.shop\/fr\/wp-json\/wp\/v2\/media\/15252"}],"wp:attachment":[{"href":"https:\/\/neocar.shop\/fr\/wp-json\/wp\/v2\/media?parent=15250"}],"wp:term":[{"taxonomy":"product_brand","embeddable":true,"href":"https:\/\/neocar.shop\/fr\/wp-json\/wp\/v2\/product_brand?post=15250"},{"taxonomy":"product_cat","embeddable":true,"href":"https:\/\/neocar.shop\/fr\/wp-json\/wp\/v2\/product_cat?post=15250"},{"taxonomy":"product_tag","embeddable":true,"href":"https:\/\/neocar.shop\/fr\/wp-json\/wp\/v2\/product_tag?post=15250"}],"curies":[{"name":"wp","href":"https:\/\/api.w.org\/{rel}","templated":true}]}}