{"id":11049,"date":"2024-04-10T23:54:06","date_gmt":"2024-04-10T22:54:06","guid":{"rendered":"https:\/\/neocar.shop\/?post_type=product&#038;p=11049"},"modified":"2024-12-05T09:03:09","modified_gmt":"2024-12-05T08:03:09","slug":"coussin-de-remplissage-decart-de-siege-en-cuir-souple","status":"publish","type":"product","link":"https:\/\/neocar.shop\/fr\/produit\/coussin-de-remplissage-decart-de-siege-en-cuir-souple\/","title":{"rendered":"2Deux pi\u00e8ces Coussin de remplissage d&#8217;\u00e9cart de si\u00e8ge  souple"},"content":{"rendered":"<p style=\"text-align: center;\"><strong>\u062a\u0645 \u062a\u0635\u0645\u064a\u0645 \u0647\u0630\u0647 \u0627\u0644\u0648\u0633\u0627\u0626\u062f \u0627\u0644\u0641\u0631\u064a\u062f\u0629 \u0644\u0645\u0644\u0621 \u0627\u0644\u0641\u062c\u0648\u0629 \u0628\u064a\u0646 \u0627\u0644\u0645\u0642\u0639\u062f \u0648\u0627\u0644\u0648\u0633\u0627\u062f\u0629 \u0641\u064a \u0633\u064a\u0627\u0631\u062a\u0643. \u0641\u0625\u0646\u0647\u0627 \u062a\u062d\u0644 \u0627\u0644\u0645\u0634\u0643\u0644\u0629 \u0627\u0644\u0634\u0627\u0626\u0639\u0629 \u0644\u0641\u0642\u062f\u0627\u0646 \u0627\u0644\u0623\u0634\u064a\u0627\u0621 \u0627\u0644\u0635\u063a\u064a\u0631\u0629 \u0645\u062b\u0644 \u0627\u0644\u0645\u0641\u0627\u062a\u064a\u062d \u0648\u0627\u0644\u0647\u0648\u0627\u062a\u0641 \u0627\u0644\u0645\u062d\u0645\u0648\u0644\u0629 \u0648\u0627\u0644\u0639\u0645\u0644\u0627\u062a \u0627\u0644\u0646\u0642\u062f\u064a\u0629 \u0641\u064a \u0647\u0630\u0647 \u0627\u0644\u0641\u062c\u0648\u0629 \u0627\u0644\u0645\u0632\u0639\u062c\u0629.<\/strong><\/p>\n<p><a href=\"https:\/\/neocar.shop\/wp-content\/uploads\/2024\/04\/photo_5924733065450602141_x-1.jpg\"><img fetchpriority=\"high\" decoding=\"async\" class=\"size-medium wp-image-11213 aligncenter\" src=\"https:\/\/neocar.shop\/wp-content\/uploads\/2024\/04\/photo_5924733065450602141_x-1-300x300.jpg\" alt=\"\" width=\"300\" height=\"300\" srcset=\"https:\/\/neocar.shop\/wp-content\/uploads\/2024\/04\/photo_5924733065450602141_x-1-300x300.jpg 300w, https:\/\/neocar.shop\/wp-content\/uploads\/2024\/04\/photo_5924733065450602141_x-1-600x600.jpg 600w, https:\/\/neocar.shop\/wp-content\/uploads\/2024\/04\/photo_5924733065450602141_x-1-148x148.jpg 148w, https:\/\/neocar.shop\/wp-content\/uploads\/2024\/04\/photo_5924733065450602141_x-1-416x416.jpg 416w, https:\/\/neocar.shop\/wp-content\/uploads\/2024\/04\/photo_5924733065450602141_x-1-150x150.jpg 150w, https:\/\/neocar.shop\/wp-content\/uploads\/2024\/04\/photo_5924733065450602141_x-1-768x768.jpg 768w, https:\/\/neocar.shop\/wp-content\/uploads\/2024\/04\/photo_5924733065450602141_x-1-12x12.jpg 12w, https:\/\/neocar.shop\/wp-content\/uploads\/2024\/04\/photo_5924733065450602141_x-1.jpg 800w\" sizes=\"(max-width: 300px) 100vw, 300px\" \/><\/a><\/p>\n<p style=\"text-align: center;\"><strong>\u0623\u0646\u0647\u0627 \u0644\u0646 \u062a\u0646\u0632\u0644\u0642 \u0623\u0648 \u062a\u062a\u062d\u0631\u0643 \u0628\u0633\u0647\u0648\u0644\u0629 \u0623\u062b\u0646\u0627\u0621 \u0627\u0633\u062a\u062e\u062f\u0627\u0645\u0643 \u0644\u0644\u0633\u064a\u0627\u0631\u0629.<\/strong><\/p>\n<p><a href=\"https:\/\/neocar.shop\/wp-content\/uploads\/2024\/04\/photo_5924733065450602142_y-1.jpg\"><img decoding=\"async\" class=\"size-medium wp-image-11212 aligncenter\" src=\"https:\/\/neocar.shop\/wp-content\/uploads\/2024\/04\/photo_5924733065450602142_y-1-233x300.jpg\" alt=\"\" width=\"233\" height=\"300\" srcset=\"https:\/\/neocar.shop\/wp-content\/uploads\/2024\/04\/photo_5924733065450602142_y-1-233x300.jpg 233w, https:\/\/neocar.shop\/wp-content\/uploads\/2024\/04\/photo_5924733065450602142_y-1-148x191.jpg 148w, https:\/\/neocar.shop\/wp-content\/uploads\/2024\/04\/photo_5924733065450602142_y-1-416x537.jpg 416w, https:\/\/neocar.shop\/wp-content\/uploads\/2024\/04\/photo_5924733065450602142_y-1-794x1024.jpg 794w, https:\/\/neocar.shop\/wp-content\/uploads\/2024\/04\/photo_5924733065450602142_y-1-768x991.jpg 768w, https:\/\/neocar.shop\/wp-content\/uploads\/2024\/04\/photo_5924733065450602142_y-1-9x12.jpg 9w, https:\/\/neocar.shop\/wp-content\/uploads\/2024\/04\/photo_5924733065450602142_y-1.jpg 800w\" sizes=\"(max-width: 233px) 100vw, 233px\" \/><\/a><\/p>\n<p style=\"text-align: center;\">\u00a0<strong>\u0628\u0627\u0644\u0625\u0636\u0627\u0641\u0629 \u0625\u0644\u0649 \u0630\u0644\u0643\u060c \u0641\u0625\u0646\u0647\u0627 \u0645\u0635\u0646\u0648\u0639\u0629 \u0645\u0646 \u0645\u0648\u0627\u062f \u0639\u0627\u0644\u064a\u0629 \u0627\u0644\u062c\u0648\u062f\u0629 \u0648\u0645\u062a\u064a\u0646\u0629 \u0644\u0644\u063a\u0627\u064a\u0629\u060c \u0645\u0645\u0627 \u064a\u0639\u0646\u064a \u0623\u0646\u0647\u0627 \u0633\u062a\u062f\u0648\u0645 \u0644\u0641\u062a\u0631\u0629 \u0637\u0648\u064a\u0644\u0629 \u0645\u0646 \u0627\u0644\u0627\u0633\u062a\u062e\u062f\u0627\u0645 \u062f\u0648\u0646 \u0623\u064a \u062a\u0644\u0641.<\/strong><\/p>\n<p style=\"text-align: center;\"><a href=\"https:\/\/neocar.shop\/wp-content\/uploads\/2024\/04\/photo_5924612703287100745_x.jpg\"><img decoding=\"async\" class=\"alignnone size-medium wp-image-11214\" src=\"https:\/\/neocar.shop\/wp-content\/uploads\/2024\/04\/photo_5924612703287100745_x-300x300.jpg\" alt=\"\" width=\"300\" height=\"300\" srcset=\"https:\/\/neocar.shop\/wp-content\/uploads\/2024\/04\/photo_5924612703287100745_x-300x300.jpg 300w, https:\/\/neocar.shop\/wp-content\/uploads\/2024\/04\/photo_5924612703287100745_x-600x600.jpg 600w, https:\/\/neocar.shop\/wp-content\/uploads\/2024\/04\/photo_5924612703287100745_x-148x148.jpg 148w, https:\/\/neocar.shop\/wp-content\/uploads\/2024\/04\/photo_5924612703287100745_x-416x416.jpg 416w, https:\/\/neocar.shop\/wp-content\/uploads\/2024\/04\/photo_5924612703287100745_x-150x150.jpg 150w, https:\/\/neocar.shop\/wp-content\/uploads\/2024\/04\/photo_5924612703287100745_x-768x768.jpg 768w, https:\/\/neocar.shop\/wp-content\/uploads\/2024\/04\/photo_5924612703287100745_x-12x12.jpg 12w, https:\/\/neocar.shop\/wp-content\/uploads\/2024\/04\/photo_5924612703287100745_x.jpg 800w\" sizes=\"(max-width: 300px) 100vw, 300px\" \/><\/a><\/p>\n<p style=\"text-align: center;\">\u00a0<strong>\u0625\u0646\u0647\u0627 \u0625\u0636\u0627\u0641\u0629 \u0644\u0627 \u063a\u0646\u0649 \u0639\u0646\u0647\u0627 \u0644\u0645\u0644\u062d\u0642\u0627\u062a \u062f\u0627\u062e\u0644\u064a\u0629 \u0627\u0644\u0633\u064a\u0627\u0631\u0629 \u0627\u0637\u0644\u0628\u0647\u0627 \u0627\u0644\u0622\u0646 \u0648\u0627\u0633\u062a\u0645\u062a\u0639 \u0628\u0627\u0644\u062c\u0648\u062f\u0629 \u0648\u0627\u0644\u0623\u062f\u0627\u0621 \u0627\u0644\u0641\u0627\u0626\u0642\u064a\u0646.<\/strong><\/p>\n<p style=\"text-align: center;\">","protected":false},"excerpt":{"rendered":"<p>\u062a\u0645 \u062a\u0635\u0645\u064a\u0645 \u0647\u0630\u0647 \u0627\u0644\u0648\u0633\u0627\u0626\u062f \u0627\u0644\u0641\u0631\u064a\u062f\u0629 \u0644\u0645\u0644\u0621 \u0627\u0644\u0641\u062c\u0648\u0629 \u0628\u064a\u0646 \u0627\u0644\u0645\u0642\u0639\u062f \u0648\u0627\u0644\u0648\u0633\u0627\u062f\u0629 \u0641\u064a \u0633\u064a\u0627\u0631\u062a\u0643. \u0641\u0625\u0646\u0647\u0627 \u062a\u062d\u0644 \u0627\u0644\u0645\u0634\u0643\u0644\u0629 \u0627\u0644\u0634\u0627\u0626\u0639\u0629 \u0644\u0641\u0642\u062f\u0627\u0646 \u0627\u0644\u0623\u0634\u064a\u0627\u0621 \u0627\u0644\u0635\u063a\u064a\u0631\u0629 \u0645\u062b\u0644<\/p>","protected":false},"featured_media":11210,"comment_status":"open","ping_status":"closed","template":"","meta":[],"product_brand":[],"product_cat":[81,82,83],"product_tag":[],"class_list":{"0":"post-11049","1":"product","2":"type-product","3":"status-publish","4":"has-post-thumbnail","6":"product_cat-81","7":"product_cat-82","8":"product_cat-83","10":"first","11":"instock","12":"sale","13":"shipping-taxable","14":"purchasable","15":"product-type-simple"},"jetpack_sharing_enabled":true,"_links":{"self":[{"href":"https:\/\/neocar.shop\/fr\/wp-json\/wp\/v2\/product\/11049"}],"collection":[{"href":"https:\/\/neocar.shop\/fr\/wp-json\/wp\/v2\/product"}],"about":[{"href":"https:\/\/neocar.shop\/fr\/wp-json\/wp\/v2\/types\/product"}],"replies":[{"embeddable":true,"href":"https:\/\/neocar.shop\/fr\/wp-json\/wp\/v2\/comments?post=11049"}],"version-history":[{"count":7,"href":"https:\/\/neocar.shop\/fr\/wp-json\/wp\/v2\/product\/11049\/revisions"}],"predecessor-version":[{"id":11128,"href":"https:\/\/neocar.shop\/fr\/wp-json\/wp\/v2\/product\/11049\/revisions\/11128"}],"wp:featuredmedia":[{"embeddable":true,"href":"https:\/\/neocar.shop\/fr\/wp-json\/wp\/v2\/media\/11210"}],"wp:attachment":[{"href":"https:\/\/neocar.shop\/fr\/wp-json\/wp\/v2\/media?parent=11049"}],"wp:term":[{"taxonomy":"product_brand","embeddable":true,"href":"https:\/\/neocar.shop\/fr\/wp-json\/wp\/v2\/product_brand?post=11049"},{"taxonomy":"product_cat","embeddable":true,"href":"https:\/\/neocar.shop\/fr\/wp-json\/wp\/v2\/product_cat?post=11049"},{"taxonomy":"product_tag","embeddable":true,"href":"https:\/\/neocar.shop\/fr\/wp-json\/wp\/v2\/product_tag?post=11049"}],"curies":[{"name":"wp","href":"https:\/\/api.w.org\/{rel}","templated":true}]}}