{"id":11037,"date":"2024-04-07T13:44:30","date_gmt":"2024-04-07T12:44:30","guid":{"rendered":"https:\/\/neocar.shop\/?post_type=product&#038;p=11037"},"modified":"2025-04-08T22:46:35","modified_gmt":"2025-04-08T21:46:35","slug":"neufu-nettoyant-a-rouleaux-chenille-souple-long-soft-microfibre-brosse","status":"publish","type":"product","link":"https:\/\/neocar.shop\/fr\/produit\/neufu-nettoyant-a-rouleaux-chenille-souple-long-soft-microfibre-brosse\/","title":{"rendered":"NEUFU Nettoyant \u00e0 rouleaux Chenille Souple Long Soft Microfibre Brosse"},"content":{"rendered":"<p style=\"text-align: left;\">Condition: 100% Microfibre Part Length: 41cm \/ 16inch Longueur totale: 56cm Caract\u00e9ristiques: Brosse de roue professionnelle en microfibre 2in1 \u00e0 microfibres avec port\u00e9e prolong\u00e9e. Grande port\u00e9e de 16 pouces pour affronter la plus large des roues. Tige flexible pour la position \u00e0 diff\u00e9rents<\/p>\n<p><a href=\"https:\/\/neocar.shop\/wp-content\/uploads\/2024\/04\/IMG_6581.jpeg\"><img fetchpriority=\"high\" decoding=\"async\" class=\"size-medium wp-image-11039 aligncenter\" src=\"https:\/\/neocar.shop\/wp-content\/uploads\/2024\/04\/IMG_6581-300x300.jpeg\" alt=\"\" width=\"300\" height=\"300\" srcset=\"https:\/\/neocar.shop\/wp-content\/uploads\/2024\/04\/IMG_6581-300x300.jpeg 300w, https:\/\/neocar.shop\/wp-content\/uploads\/2024\/04\/IMG_6581-600x600.jpeg 600w, https:\/\/neocar.shop\/wp-content\/uploads\/2024\/04\/IMG_6581-148x148.jpeg 148w, https:\/\/neocar.shop\/wp-content\/uploads\/2024\/04\/IMG_6581-150x150.jpeg 150w, https:\/\/neocar.shop\/wp-content\/uploads\/2024\/04\/IMG_6581-768x768.jpeg 768w, https:\/\/neocar.shop\/wp-content\/uploads\/2024\/04\/IMG_6581-12x12.jpeg 12w, https:\/\/neocar.shop\/wp-content\/uploads\/2024\/04\/IMG_6581.jpeg 960w\" sizes=\"(max-width: 300px) 100vw, 300px\" \/><\/a> <a href=\"https:\/\/neocar.shop\/wp-content\/uploads\/2024\/04\/IMG_6583.jpeg\"><img decoding=\"async\" class=\"size-medium wp-image-11040 aligncenter\" src=\"https:\/\/neocar.shop\/wp-content\/uploads\/2024\/04\/IMG_6583-300x300.jpeg\" alt=\"\" width=\"300\" height=\"300\" srcset=\"https:\/\/neocar.shop\/wp-content\/uploads\/2024\/04\/IMG_6583-300x300.jpeg 300w, https:\/\/neocar.shop\/wp-content\/uploads\/2024\/04\/IMG_6583-600x600.jpeg 600w, https:\/\/neocar.shop\/wp-content\/uploads\/2024\/04\/IMG_6583-148x148.jpeg 148w, https:\/\/neocar.shop\/wp-content\/uploads\/2024\/04\/IMG_6583-150x150.jpeg 150w, https:\/\/neocar.shop\/wp-content\/uploads\/2024\/04\/IMG_6583-768x768.jpeg 768w, https:\/\/neocar.shop\/wp-content\/uploads\/2024\/04\/IMG_6583-12x12.jpeg 12w, https:\/\/neocar.shop\/wp-content\/uploads\/2024\/04\/IMG_6583.jpeg 960w\" sizes=\"(max-width: 300px) 100vw, 300px\" \/><\/a><\/p>","protected":false},"excerpt":{"rendered":"<p>Condition: 100% Microfibre Part Length: 41cm \/ 16inch Longueur totale: 56cm Caract\u00e9ristiques: Brosse de roue professionnelle en microfibre 2in1 \u00e0<\/p>","protected":false},"featured_media":11041,"comment_status":"open","ping_status":"closed","template":"","meta":[],"product_brand":[],"product_cat":[66,67],"product_tag":[],"class_list":{"0":"post-11037","1":"product","2":"type-product","3":"status-publish","4":"has-post-thumbnail","6":"product_cat-car-care","7":"product_cat-67","9":"first","10":"instock","11":"shipping-taxable","12":"purchasable","13":"product-type-simple"},"jetpack_sharing_enabled":true,"_links":{"self":[{"href":"https:\/\/neocar.shop\/fr\/wp-json\/wp\/v2\/product\/11037"}],"collection":[{"href":"https:\/\/neocar.shop\/fr\/wp-json\/wp\/v2\/product"}],"about":[{"href":"https:\/\/neocar.shop\/fr\/wp-json\/wp\/v2\/types\/product"}],"replies":[{"embeddable":true,"href":"https:\/\/neocar.shop\/fr\/wp-json\/wp\/v2\/comments?post=11037"}],"version-history":[{"count":2,"href":"https:\/\/neocar.shop\/fr\/wp-json\/wp\/v2\/product\/11037\/revisions"}],"predecessor-version":[{"id":11047,"href":"https:\/\/neocar.shop\/fr\/wp-json\/wp\/v2\/product\/11037\/revisions\/11047"}],"wp:featuredmedia":[{"embeddable":true,"href":"https:\/\/neocar.shop\/fr\/wp-json\/wp\/v2\/media\/11041"}],"wp:attachment":[{"href":"https:\/\/neocar.shop\/fr\/wp-json\/wp\/v2\/media?parent=11037"}],"wp:term":[{"taxonomy":"product_brand","embeddable":true,"href":"https:\/\/neocar.shop\/fr\/wp-json\/wp\/v2\/product_brand?post=11037"},{"taxonomy":"product_cat","embeddable":true,"href":"https:\/\/neocar.shop\/fr\/wp-json\/wp\/v2\/product_cat?post=11037"},{"taxonomy":"product_tag","embeddable":true,"href":"https:\/\/neocar.shop\/fr\/wp-json\/wp\/v2\/product_tag?post=11037"}],"curies":[{"name":"wp","href":"https:\/\/api.w.org\/{rel}","templated":true}]}}