{"id":10914,"date":"2024-02-29T10:32:19","date_gmt":"2024-02-29T09:32:19","guid":{"rendered":"https:\/\/neocar.shop\/?post_type=product&#038;p=10914"},"modified":"2024-10-13T21:00:08","modified_gmt":"2024-10-13T20:00:08","slug":"pendentif-diamant-en-metal","status":"publish","type":"product","link":"https:\/\/neocar.shop\/fr\/produit\/pendentif-diamant-en-metal\/","title":{"rendered":"Pendentif diamant en m\u00e9tal"},"content":{"rendered":"<p style=\"text-align: left\">100% tout neuf et de haute qualit\u00e9<\/p>\n<p style=\"text-align: left\">Nom du produit: pendentif en m\u00e9tal de voiture<\/p>\n<p style=\"text-align: left\">Mat\u00e9riau du produit: alliage<\/p>\n<p style=\"text-align: left\">Taille du produit: environ 29.2cm de long<\/p>\n<p style=\"text-align: left\">La surface pendante a un design brillant, ce qui peut rendre votre voiture plus unique et charmante<\/p>\n<p style=\"text-align: left\">Style de produit: or ou argent<\/p>\n<p style=\"text-align: left\">Le produit a une sensation m\u00e9tallique de tr\u00e8s haute qualit\u00e9 et peut \u00eatre offert en cadeau \u00e0 un ami ou \u00e0 une famille<\/p>","protected":false},"excerpt":{"rendered":"<p>100% tout neuf et de haute qualit\u00e9 Nom du produit: pendentif en m\u00e9tal de voiture Mat\u00e9riau du produit: alliage Taille<\/p>","protected":false},"featured_media":10916,"comment_status":"open","ping_status":"closed","template":"","meta":[],"product_brand":[],"product_cat":[76,81,96],"product_tag":[301,511],"class_list":{"0":"post-10914","1":"product","2":"type-product","3":"status-publish","4":"has-post-thumbnail","6":"product_cat-76","7":"product_cat-81","8":"product_cat-96","9":"product_tag-decor","10":"product_tag-511","12":"first","13":"outofstock","14":"shipping-taxable","15":"purchasable","16":"product-type-variable"},"jetpack_sharing_enabled":true,"_links":{"self":[{"href":"https:\/\/neocar.shop\/fr\/wp-json\/wp\/v2\/product\/10914"}],"collection":[{"href":"https:\/\/neocar.shop\/fr\/wp-json\/wp\/v2\/product"}],"about":[{"href":"https:\/\/neocar.shop\/fr\/wp-json\/wp\/v2\/types\/product"}],"replies":[{"embeddable":true,"href":"https:\/\/neocar.shop\/fr\/wp-json\/wp\/v2\/comments?post=10914"}],"version-history":[{"count":2,"href":"https:\/\/neocar.shop\/fr\/wp-json\/wp\/v2\/product\/10914\/revisions"}],"predecessor-version":[{"id":13933,"href":"https:\/\/neocar.shop\/fr\/wp-json\/wp\/v2\/product\/10914\/revisions\/13933"}],"wp:featuredmedia":[{"embeddable":true,"href":"https:\/\/neocar.shop\/fr\/wp-json\/wp\/v2\/media\/10916"}],"wp:attachment":[{"href":"https:\/\/neocar.shop\/fr\/wp-json\/wp\/v2\/media?parent=10914"}],"wp:term":[{"taxonomy":"product_brand","embeddable":true,"href":"https:\/\/neocar.shop\/fr\/wp-json\/wp\/v2\/product_brand?post=10914"},{"taxonomy":"product_cat","embeddable":true,"href":"https:\/\/neocar.shop\/fr\/wp-json\/wp\/v2\/product_cat?post=10914"},{"taxonomy":"product_tag","embeddable":true,"href":"https:\/\/neocar.shop\/fr\/wp-json\/wp\/v2\/product_tag?post=10914"}],"curies":[{"name":"wp","href":"https:\/\/api.w.org\/{rel}","templated":true}]}}