{"id":10891,"date":"2024-02-27T18:26:54","date_gmt":"2024-02-27T17:26:54","guid":{"rendered":"https:\/\/neocar.shop\/?post_type=product&#038;p=10891"},"modified":"2024-02-27T18:26:55","modified_gmt":"2024-02-27T17:26:55","slug":"desodorisant-solaire-rotatif","status":"publish","type":"product","link":"https:\/\/neocar.shop\/fr\/produit\/desodorisant-solaire-rotatif\/","title":{"rendered":"D\u00e9sodorisant solaire rotatif"},"content":{"rendered":"<hr \/>\n<p>&nbsp;<\/p>","protected":false},"excerpt":{"rendered":"<p style=\"text-align: left;\">Solaire: Pas besoin de batteries ou de charge, ce d\u00e9sodorisant est aliment\u00e9 par le soleil, ce qui le rend \u00e9cologique et rentable.<\/p>","protected":false},"featured_media":10894,"comment_status":"open","ping_status":"closed","template":"","meta":[],"product_brand":[],"product_cat":[85],"product_tag":[],"class_list":{"0":"post-10891","1":"product","2":"type-product","3":"status-publish","4":"has-post-thumbnail","6":"product_cat-85","8":"first","9":"instock","10":"sale","11":"shipping-taxable","12":"purchasable","13":"product-type-simple"},"jetpack_sharing_enabled":true,"_links":{"self":[{"href":"https:\/\/neocar.shop\/fr\/wp-json\/wp\/v2\/product\/10891"}],"collection":[{"href":"https:\/\/neocar.shop\/fr\/wp-json\/wp\/v2\/product"}],"about":[{"href":"https:\/\/neocar.shop\/fr\/wp-json\/wp\/v2\/types\/product"}],"replies":[{"embeddable":true,"href":"https:\/\/neocar.shop\/fr\/wp-json\/wp\/v2\/comments?post=10891"}],"version-history":[{"count":2,"href":"https:\/\/neocar.shop\/fr\/wp-json\/wp\/v2\/product\/10891\/revisions"}],"predecessor-version":[{"id":10901,"href":"https:\/\/neocar.shop\/fr\/wp-json\/wp\/v2\/product\/10891\/revisions\/10901"}],"wp:featuredmedia":[{"embeddable":true,"href":"https:\/\/neocar.shop\/fr\/wp-json\/wp\/v2\/media\/10894"}],"wp:attachment":[{"href":"https:\/\/neocar.shop\/fr\/wp-json\/wp\/v2\/media?parent=10891"}],"wp:term":[{"taxonomy":"product_brand","embeddable":true,"href":"https:\/\/neocar.shop\/fr\/wp-json\/wp\/v2\/product_brand?post=10891"},{"taxonomy":"product_cat","embeddable":true,"href":"https:\/\/neocar.shop\/fr\/wp-json\/wp\/v2\/product_cat?post=10891"},{"taxonomy":"product_tag","embeddable":true,"href":"https:\/\/neocar.shop\/fr\/wp-json\/wp\/v2\/product_tag?post=10891"}],"curies":[{"name":"wp","href":"https:\/\/api.w.org\/{rel}","templated":true}]}}