{"id":10673,"date":"2024-01-28T17:22:37","date_gmt":"2024-01-28T16:22:37","guid":{"rendered":"https:\/\/neocar.shop\/?post_type=product&#038;p=10673"},"modified":"2024-01-28T17:22:37","modified_gmt":"2024-01-28T16:22:37","slug":"ferme-vitre-electrique-pour-voiture","status":"publish","type":"product","link":"https:\/\/neocar.shop\/fr\/produit\/ferme-vitre-electrique-pour-voiture\/","title":{"rendered":"Ferme-vitre \u00e9lectrique pour voiture"},"content":{"rendered":"<p style=\"text-align: left;\">Type de voiture appropri\u00e9: voiture 12V<\/p>\n<p style=\"text-align: left;\">Description:<\/p>\n<p style=\"text-align: left;\">Fen\u00eatre d&#8217;alimentation automatique universelle de plus pr\u00e8s.<\/p>\n<p style=\"text-align: left;\">Le temps d&#8217;activation de chaque fen\u00eatre dure moins de 8 secondes.<\/p>\n<p style=\"text-align: left;\">D\u00e9tection automatique de quatre fen\u00eatres.<\/p>\n<p style=\"text-align: left;\">Fermeture automatique des fen\u00eatres qui ne sont pas correctement ferm\u00e9es.<\/p>\n<p style=\"text-align: left;\">Facile et pratique \u00e0 utiliser.<\/p>\n<p style=\"text-align: left;\">Lorsque l&#8217;ACC est \u00e9teint, fermez la porte, appuyez sur le bouton d&#8217;armement de la t\u00e9l\u00e9commande, la fen\u00eatre sera ferm\u00e9e automatiquement une par une.<\/p>","protected":false},"excerpt":{"rendered":"<p>Ce produit convient \u00e0 tous les mod\u00e8les d&#8217;automobiles avec fen\u00eatres \u00e9l\u00e9vatrices \u00e9lectriques.<\/p>","protected":false},"featured_media":10674,"comment_status":"open","ping_status":"closed","template":"","meta":[],"product_brand":[],"product_cat":[71],"product_tag":[],"class_list":{"0":"post-10673","1":"product","2":"type-product","3":"status-publish","4":"has-post-thumbnail","6":"product_cat-71","8":"first","9":"instock","10":"shipping-taxable","11":"purchasable","12":"product-type-simple"},"jetpack_sharing_enabled":true,"_links":{"self":[{"href":"https:\/\/neocar.shop\/fr\/wp-json\/wp\/v2\/product\/10673"}],"collection":[{"href":"https:\/\/neocar.shop\/fr\/wp-json\/wp\/v2\/product"}],"about":[{"href":"https:\/\/neocar.shop\/fr\/wp-json\/wp\/v2\/types\/product"}],"replies":[{"embeddable":true,"href":"https:\/\/neocar.shop\/fr\/wp-json\/wp\/v2\/comments?post=10673"}],"version-history":[{"count":1,"href":"https:\/\/neocar.shop\/fr\/wp-json\/wp\/v2\/product\/10673\/revisions"}],"predecessor-version":[{"id":10677,"href":"https:\/\/neocar.shop\/fr\/wp-json\/wp\/v2\/product\/10673\/revisions\/10677"}],"wp:featuredmedia":[{"embeddable":true,"href":"https:\/\/neocar.shop\/fr\/wp-json\/wp\/v2\/media\/10674"}],"wp:attachment":[{"href":"https:\/\/neocar.shop\/fr\/wp-json\/wp\/v2\/media?parent=10673"}],"wp:term":[{"taxonomy":"product_brand","embeddable":true,"href":"https:\/\/neocar.shop\/fr\/wp-json\/wp\/v2\/product_brand?post=10673"},{"taxonomy":"product_cat","embeddable":true,"href":"https:\/\/neocar.shop\/fr\/wp-json\/wp\/v2\/product_cat?post=10673"},{"taxonomy":"product_tag","embeddable":true,"href":"https:\/\/neocar.shop\/fr\/wp-json\/wp\/v2\/product_tag?post=10673"}],"curies":[{"name":"wp","href":"https:\/\/api.w.org\/{rel}","templated":true}]}}