{"id":10616,"date":"2024-01-05T15:49:16","date_gmt":"2024-01-05T14:49:16","guid":{"rendered":"https:\/\/neocar.shop\/?post_type=product&#038;p=10616"},"modified":"2024-01-05T15:50:30","modified_gmt":"2024-01-05T14:50:30","slug":"lampe-de-travail-multifonctionnelle","status":"publish","type":"product","link":"https:\/\/neocar.shop\/fr\/produit\/lampe-de-travail-multifonctionnelle\/","title":{"rendered":"Lampe de travail multifonctionnelle"},"content":{"rendered":"<p style=\"text-align: left;\">Lampe torche LED COB Rechargeable USB Lampe de travail flexible Lampe magn\u00e9tique d&#8217;urgence Lanterne torche<\/p>\n<p style=\"text-align: left;\">Sp\u00e9cification:<\/p>\n<p style=\"text-align: left;\">Mat\u00e9riau: ABS<\/p>\n<p style=\"text-align: left;\">Couleur: Orange + Noir<\/p>\n<p style=\"text-align: left;\">Taille: 21.25.62.5cm<\/p>\n<p style=\"text-align: left;\">Ampoule: COBLED<\/p>\n<p style=\"text-align: left;\">Mode d&#8217;\u00e9clairage: haut\/bas\/stroboscope\/couleur rouge<\/p>\n<p style=\"text-align: left;\">M\u00e9thode de charge: USB Charge (micro slot)<\/p>\n<p style=\"text-align: left;\">(Remarque: une erreur de 0.5 \u00e0 1cm est possible en raison de la mesure manuelle et d&#8217;une l\u00e9g\u00e8re diff\u00e9rence de couleur caus\u00e9e par la lumi\u00e8re et l&#8217;\u00e9cran.)<\/p>\n<p style=\"text-align: left;\">Le paquet comprend:<\/p>\n<p style=\"text-align: left;\">1 lumi\u00e8re de travail (batterie int\u00e9gr\u00e9e)<\/p>\n<p style=\"text-align: left;\">C\u00e2ble de chargement 1USB<\/p>\n<p style=\"text-align: left;\">Caract\u00e9ristiques:<\/p>\n<p style=\"text-align: left;\">Compact et l\u00e9ger pour un transport facile<\/p>\n<p style=\"text-align: left;\">Flexiable et angle r\u00e9glable selon vos besoins<\/p>\n<p style=\"text-align: left;\">Avec affichage de la puissance pour montrer la capacit\u00e9 restante de la batterie<\/p>\n<p style=\"text-align: left;\">Plusieurs modes d&#8217;\u00e9clairage au choix<\/p>\n<p style=\"text-align: left;\">Conception magn\u00e9tique de la partie arri\u00e8re\/arri\u00e8re<\/p>\n<p style=\"text-align: left;\">Peut \u00eatre utilis\u00e9 comme banque d&#8217;\u00e9nergie<\/p>\n<p style=\"text-align: left;\">Remarque: Lorsque la capacit\u00e9 de la batterie est faible, veuillez la charger \u00e0 temps.<\/p>","protected":false},"excerpt":{"rendered":"<p style=\"text-align: left;\">Lampe de travail multifonctionnelle avec aimant de charge USB, lampe de poche LED, ABS, haute luminosit\u00e9, r\u00e9paration automatique, camping, d\u00e9terminer<\/p>","protected":false},"featured_media":10617,"comment_status":"open","ping_status":"closed","template":"","meta":[],"product_brand":[],"product_cat":[75,79,83],"product_tag":[474,473],"class_list":{"0":"post-10616","1":"product","2":"type-product","3":"status-publish","4":"has-post-thumbnail","6":"product_cat-75","7":"product_cat-79","8":"product_cat-83","9":"product_tag-lamp","10":"product_tag-tourche","12":"first","13":"instock","14":"shipping-taxable","15":"purchasable","16":"product-type-simple"},"jetpack_sharing_enabled":true,"_links":{"self":[{"href":"https:\/\/neocar.shop\/fr\/wp-json\/wp\/v2\/product\/10616"}],"collection":[{"href":"https:\/\/neocar.shop\/fr\/wp-json\/wp\/v2\/product"}],"about":[{"href":"https:\/\/neocar.shop\/fr\/wp-json\/wp\/v2\/types\/product"}],"replies":[{"embeddable":true,"href":"https:\/\/neocar.shop\/fr\/wp-json\/wp\/v2\/comments?post=10616"}],"version-history":[{"count":1,"href":"https:\/\/neocar.shop\/fr\/wp-json\/wp\/v2\/product\/10616\/revisions"}],"predecessor-version":[{"id":10621,"href":"https:\/\/neocar.shop\/fr\/wp-json\/wp\/v2\/product\/10616\/revisions\/10621"}],"wp:featuredmedia":[{"embeddable":true,"href":"https:\/\/neocar.shop\/fr\/wp-json\/wp\/v2\/media\/10617"}],"wp:attachment":[{"href":"https:\/\/neocar.shop\/fr\/wp-json\/wp\/v2\/media?parent=10616"}],"wp:term":[{"taxonomy":"product_brand","embeddable":true,"href":"https:\/\/neocar.shop\/fr\/wp-json\/wp\/v2\/product_brand?post=10616"},{"taxonomy":"product_cat","embeddable":true,"href":"https:\/\/neocar.shop\/fr\/wp-json\/wp\/v2\/product_cat?post=10616"},{"taxonomy":"product_tag","embeddable":true,"href":"https:\/\/neocar.shop\/fr\/wp-json\/wp\/v2\/product_tag?post=10616"}],"curies":[{"name":"wp","href":"https:\/\/api.w.org\/{rel}","templated":true}]}}