{"id":10553,"date":"2023-12-26T21:04:40","date_gmt":"2023-12-26T20:04:40","guid":{"rendered":"https:\/\/neocar.shop\/?post_type=product&#038;p=10553"},"modified":"2025-01-20T11:18:02","modified_gmt":"2025-01-20T10:18:02","slug":"chauffage-de-voiture-electrique-portable","status":"publish","type":"product","link":"https:\/\/neocar.shop\/fr\/produit\/chauffage-de-voiture-electrique-portable\/","title":{"rendered":"Chauffage de voiture \u00e9lectrique portable"},"content":{"rendered":"<p style=\"text-align: center;\">\u0627\u0633\u062a\u0645\u062a\u0639 \u0628\u0627\u0644\u0631\u0627\u062d\u0629 \u0648\u0627\u0644\u0623\u062f\u0627\u0621 \u0627\u0644\u0639\u0627\u0644\u064a \u0641\u064a \u0633\u064a\u0627\u0631\u062a\u0643 \u0645\u0639 \u0645\u0646\u062a\u062c\u0627\u062a\u0646\u0627 \u0627\u0644\u0645\u0628\u062a\u0643\u0631\u0629 \u0627\u0644\u0645\u0635\u0645\u0645\u0629 \u062e\u0635\u064a\u0635\u064b\u0627 \u0644\u062a\u0644\u0628\u064a\u0629 \u0627\u062d\u062a\u064a\u0627\u062c\u0627\u062a\u0643 \u0641\u064a \u062c\u0645\u064a\u0639 \u0627\u0644\u0638\u0631\u0648\u0641 \u0627\u0644\u062c\u0648\u064a\u0629<\/p>\n<p style=\"text-align: right;\">\u0646\u0642\u062f\u0645 \u0644\u0643\u0645 \u0633\u062e\u0627\u0646 \u0627\u0644\u0633\u064a\u0627\u0631\u0629 \u0627\u0644\u0643\u0647\u0631\u0628\u0627\u0626\u064a \u0627\u0644\u0645\u062d\u0645\u0648\u0644\u060c \u0648\u0645\u0631\u0648\u062d\u0629 \u0627\u0644\u062a\u0628\u0631\u064a\u062f\u060c \u0648\u0645\u062c\u0641\u0641 \u0627\u0644\u0645\u0644\u0627\u0628\u0633 \u0627\u0644\u0643\u0647\u0631\u0628\u0627\u0626\u064a\u060c \u0648\u0645\u0632\u064a\u0644 \u0627\u0644\u0636\u0628\u0627\u0628 \u0644\u0644\u0632\u062c\u0627\u062c \u0627\u0644\u0623\u0645\u0627\u0645\u064a\u060c \u0648\u0645\u0632\u064a\u0644 \u0627\u0644\u0636\u0628\u0627\u0628 \u0627\u0644\u062e\u0644\u0641\u064a\u060c \u0648\u0645\u0630\u064a\u0628 \u0627\u0644\u062c\u0644\u064a\u062f.<\/p>\n<p style=\"text-align: center;\"><strong>\u064a\u0642\u0648\u0645 \u0628\u062a\u0633\u062e\u064a\u0646 \u0627\u0644\u0647\u0648\u0627\u0621 \u0628\u0633\u0631\u0639\u0629 \u062f\u0648\u0646 \u0627\u0644\u062d\u0627\u062c\u0629 \u0625\u0644\u0649 \u0627\u0644\u0627\u0646\u062a\u0638\u0627\u0631 \u062d\u062a\u0649 \u064a\u0633\u062e\u0646 \u0627\u0644\u0645\u062d\u0631\u0643<\/strong><\/p>\n<p style=\"text-align: center;\"><strong>\u064a\u0645\u0643\u0646 \u062a\u0633\u062e\u064a\u0646\u0647\u0627 \u0648\u062a\u0628\u0631\u064a\u062f\u0647\u0627 \u0628\u0633\u0631\u0639\u0629 \u0641\u064a \u062f\u0642\u0627\u0626\u0642.<\/strong><\/p>\n<p style=\"text-align: right;\">\u0639\u0646\u062f\u0645\u0627 \u062a\u0646\u062e\u0641\u0636 \u062f\u0631\u062c\u0627\u062a \u0627\u0644\u062d\u0631\u0627\u0631\u0629\u060c \u0633\u062e\u0627\u0646 \u0627\u0644\u0633\u064a\u0627\u0631\u0629 \u0627\u0644\u0643\u0647\u0631\u0628\u0627\u0626\u064a \u0627\u0644\u0645\u062d\u0645\u0648\u0644 \u0647\u0648 \u0631\u0641\u064a\u0642\u0643 \u0627\u0644\u0645\u062b\u0627\u0644\u064a \u0644\u0644\u062d\u0641\u0627\u0638 \u0639\u0644\u0649 \u0627\u0644\u062f\u0641\u0621 \u0648\u0627\u0644\u0631\u0627\u062d\u0629 \u0623\u062b\u0646\u0627\u0621 \u0627\u0644\u0642\u064a\u0627\u062f\u0629. \u064a\u0645\u0646\u062d\u0643 \u0647\u0630\u0627 \u0627\u0644\u062c\u0647\u0627\u0632 \u0627\u0644\u0642\u0648\u064a \u062a\u062f\u0641\u0626\u0629 \u0641\u0648\u0631\u064a\u0629 \u0648\u0641\u0639\u0627\u0644\u0629 \u0644\u0644\u0645\u0642\u0635\u0648\u0631\u0629\u060c \u0645\u0645\u0627 \u064a\u062c\u0639\u0644 \u0631\u062d\u0644\u0627\u062a\u0643 \u0627\u0644\u0634\u062a\u0648\u064a\u0629 \u0623\u0643\u062b\u0631 \u0645\u062a\u0639\u0629 \u0648\u0623\u0645\u0627\u0646\u064b\u0627.<\/p>\n<p style=\"text-align: right;\">\u0623\u0645\u0627 \u0641\u064a \u0627\u0644\u0623\u064a\u0627\u0645 \u0627\u0644\u062d\u0627\u0631\u0629\u060c \u0641\u0625\u0646 \u0645\u0631\u0648\u062d\u0629 \u0627\u0644\u062a\u0628\u0631\u064a\u062f \u062a\u0648\u0641\u0631 \u0644\u0643 \u062a\u0647\u0648\u064a\u0629 \u0645\u0646\u0639\u0634\u0629 \u0648\u062a\u0642\u0644\u064a\u0644 \u0644\u0644\u062d\u0631\u0627\u0631\u0629 \u062f\u0627\u062e\u0644 \u0627\u0644\u0633\u064a\u0627\u0631\u0629. \u0633\u062a\u0634\u0639\u0631 \u0628\u0627\u0644\u0627\u0646\u062a\u0639\u0627\u0634 \u0648\u0627\u0644\u0631\u0627\u062d\u0629 \u0623\u062b\u0646\u0627\u0621 \u0627\u0644\u0642\u064a\u0627\u062f\u0629 \u0641\u064a \u0627\u0644\u0637\u0642\u0633 \u0627\u0644\u062d\u0627\u0631 \u0648\u0627\u0644\u0631\u0637\u0628.<\/p>\n<p style=\"text-align: right;\">\u0648\u0639\u0646\u062f\u0645\u0627 \u064a\u062d\u062f\u062b \u062a\u0643\u0648\u0646 \u0627\u0644\u0632\u062c\u0627\u062c \u0627\u0644\u0645\u0634\u0648\u0628 \u0628\u0627\u0644\u0636\u0628\u0627\u0628\u060c \u064a\u0645\u0643\u0646\u0643 \u0627\u0644\u0627\u0639\u062a\u0645\u0627\u062f \u0639\u0644\u0649 \u0645\u0632\u064a\u0644 \u0627\u0644\u0636\u0628\u0627\u0628 \u0644\u0644\u0632\u062c\u0627\u062c \u0627\u0644\u0623\u0645\u0627\u0645\u064a \u0648\u0627\u0644\u062e\u0644\u0641\u064a. \u0641\u0647\u0648 \u064a\u0633\u0627\u0639\u062f\u0643 \u0641\u064a \u0627\u0644\u062d\u0635\u0648\u0644 \u0639\u0644\u0649 \u0631\u0624\u064a\u0629 \u0648\u0627\u0636\u062d\u0629 \u0648\u0645\u0646\u0639 \u0627\u0644\u0636\u0628\u0627\u0628 \u0645\u0646 \u0627\u0644\u062a\u0634\u0648\u064a\u0634 \u0639\u0644\u0649 \u0631\u062d\u0644\u062a\u0643.<\/p>\n<p style=\"text-align: right;\">\u0648\u0623\u062e\u064a\u0631\u0627\u064b\u060c \u0645\u0630\u064a\u0628 \u0627\u0644\u062c\u0644\u064a\u062f \u064a\u0623\u062a\u064a \u0644\u064a\u0643\u0648\u0646 \u0634\u0631\u064a\u0643\u0643 \u0641\u064a \u062a\u062c\u0627\u0648\u0632 \u0627\u0644\u0623\u0648\u0636\u0627\u0639 \u0627\u0644\u062c\u0644\u064a\u062f\u064a\u0629 \u0627\u0644\u0642\u0627\u0633\u064a\u0629. \u064a\u0639\u0645\u0644 \u0639\u0644\u0649 \u0630\u0648\u0628\u0627\u0646 \u0627\u0644\u062c\u0644\u064a\u062f \u0648\u0627\u0644\u062b\u0644\u062c \u0628\u0633\u0631\u0639\u0629\u060c \u0645\u0645\u0627 \u064a\u0648\u0641\u0631 \u0644\u0643 \u0627\u0644\u0648\u0642\u062a \u0648\u0627\u0644\u062c\u0647\u062f \u0641\u064a \u0635\u0628\u0627\u062d\u0627\u062a \u0627\u0644\u0634\u062a\u0627\u0621 \u0627\u0644\u0628\u0627\u0631\u062f\u0629.<\/p>\n<p>\u0627\u0644\u0637\u0627\u0642\u0629:12 \u0641\u0648\u0644\u0637 \/150\u0648\u0627\u0637<\/p>\n<p>2 \u0633\u0631\u0639\u062a\u064a\u0646<\/p>\n<p>\u0623\u0631\u0628\u0639 \u0648\u0638\u0627\u0626\u0641 \u0631\u0626\u064a\u0633\u064a\u0629: \u062a\u0630\u0648\u064a\u0628\/\u0625\u0632\u0627\u0644\u0629 \u0627\u0644\u0636\u0628\u0627\u0628\/\u0627\u0644\u062a\u062f\u0641\u0626\u0629\/\u0627\u0644\u062a\u0628\u0631\u064a\u062f.<\/p>\n<p>\u064a\u0645\u0643\u0646 \u062a\u0639\u062f\u064a\u0644 \u0627\u0644\u0642\u0627\u0639\u062f\u0629 \u0627\u0644\u0642\u0627\u0628\u0644\u0629 \u0644\u0644\u0625\u0632\u0627\u0644\u0629 360 \u062f\u0631\u062c\u0629<\/p>\n<p style=\"text-align: left;\">Caract\u00e9ristiques principales: ventilateur \u00e0 2 vitesses et fonction de chauffage.<\/p>\n<p style=\"text-align: left;\">Quatre fonctions principales: d\u00e9givrage\/d\u00e9sembuage\/ chauffage\/refroidissement.<\/p>\n<p style=\"text-align: left;\">Facile \u00e0 utiliser, il suffit de le brancher sur la prise de cigarette de votre v\u00e9hicule et de l&#8217;allumer.<\/p>\n<p style=\"text-align: left;\">La base amovible peut \u00eatre ajust\u00e9e \u00e0 360 degr\u00e9s, ce qui est pratique et pratique.<\/p>\n<p style=\"text-align: left;\">Soutenir le chauffage local, consid\u00e9r\u00e9 comme d\u00e9sembuage et d\u00e9givreur.<\/p>\n<p style=\"text-align: left;\">Chauffe rapidement l&#8217;air sans avoir \u00e0 attendre que votre<\/p>\n<p style=\"text-align: left;\">moteur se r\u00e9chauffe.<\/p>\n<p style=\"text-align: left;\">Peut rapidement \u00eatre chauff\u00e9 et refroidi en quelques minutes. D\u00e9givrer ou d\u00e9sembuer efficacement les vitres de votre voiture.<\/p>\n<p style=\"text-align: left;\">Sp\u00e9cification:<\/p>\n<p style=\"text-align: left;\">Mat\u00e9riau: ABS<\/p>\n<p style=\"text-align: left;\">Taille: Comme image<\/p>\n<p style=\"text-align: left;\">Couleur: Noir, Sliver<\/p>\n<p style=\"text-align: left;\">Puissance: 150W<\/p>\n<p style=\"text-align: left;\">Tension: 12V<\/p>\n<p style=\"text-align: left;\">Le paquet comprend:<\/p>\n<p style=\"text-align: left;\">1Pcx Chauffe-voiture<\/p>\n<p style=\"text-align: left;\">Remarque:<\/p>\n<p style=\"text-align: left;\">Veuillez accepter des diff\u00e9rences de 1 \u00e0 3cm en raison de la mesure manuelle.<\/p>\n<p style=\"text-align: left;\">En raison de la diff\u00e9rence entre les diff\u00e9rents moniteurs,<\/p>\n<p style=\"text-align: left;\">. Merci!<\/p>\n<p>&nbsp;<\/p>","protected":false},"excerpt":{"rendered":"<p>\u0639\u0646\u062f\u0645\u0627 \u062a\u0646\u062e\u0641\u0636 \u062f\u0631\u062c\u0627\u062a \u0627\u0644\u062d\u0631\u0627\u0631\u0629\u060c \u0633\u062e\u0627\u0646 \u0627\u0644\u0633\u064a\u0627\u0631\u0629 \u0627\u0644\u0643\u0647\u0631\u0628\u0627\u0626\u064a \u0627\u0644\u0645\u062d\u0645\u0648\u0644 \u0647\u0648 \u0631\u0641\u064a\u0642\u0643 \u0627\u0644\u0645\u062b\u0627\u0644\u064a \u0644\u0644\u062d\u0641\u0627\u0638 \u0639\u0644\u0649 \u0627\u0644\u062f\u0641\u0621 \u0648\u0627\u0644\u0631\u0627\u062d\u0629 \u0623\u062b\u0646\u0627\u0621 \u0627\u0644\u0642\u064a\u0627\u062f\u0629. \u064a\u0645\u0646\u062d\u0643 \u0647\u0630\u0627 \u0627\u0644\u062c\u0647\u0627\u0632 \u0627\u0644\u0642\u0648\u064a \u062a\u062f\u0641\u0626\u0629 \u0641\u0648\u0631\u064a\u0629 \u0648\u0641\u0639\u0627\u0644\u0629 \u0644\u0644\u0645\u0642\u0635\u0648\u0631\u0629\u060c \u0645\u0645\u0627 \u064a\u062c\u0639\u0644 \u0631\u062d\u0644\u0627\u062a\u0643 \u0627\u0644\u0634\u062a\u0648\u064a\u0629 \u0623\u0643\u062b\u0631 \u0645\u062a\u0639\u0629 \u0648\u0623\u0645\u0627\u0646\u064b\u0627.<\/p>","protected":false},"featured_media":14702,"comment_status":"open","ping_status":"closed","template":"","meta":[],"product_brand":[],"product_cat":[393,81,83,71,96],"product_tag":[467,466],"class_list":{"0":"post-10553","1":"product","2":"type-product","3":"status-publish","4":"has-post-thumbnail","6":"product_cat-accessories","7":"product_cat-81","8":"product_cat-83","9":"product_cat-71","10":"product_cat-96","11":"product_tag-chaufage","12":"product_tag-466","14":"first","15":"outofstock","16":"sale","17":"shipping-taxable","18":"purchasable","19":"product-type-simple"},"jetpack_sharing_enabled":true,"_links":{"self":[{"href":"https:\/\/neocar.shop\/fr\/wp-json\/wp\/v2\/product\/10553"}],"collection":[{"href":"https:\/\/neocar.shop\/fr\/wp-json\/wp\/v2\/product"}],"about":[{"href":"https:\/\/neocar.shop\/fr\/wp-json\/wp\/v2\/types\/product"}],"replies":[{"embeddable":true,"href":"https:\/\/neocar.shop\/fr\/wp-json\/wp\/v2\/comments?post=10553"}],"version-history":[{"count":8,"href":"https:\/\/neocar.shop\/fr\/wp-json\/wp\/v2\/product\/10553\/revisions"}],"predecessor-version":[{"id":15618,"href":"https:\/\/neocar.shop\/fr\/wp-json\/wp\/v2\/product\/10553\/revisions\/15618"}],"wp:featuredmedia":[{"embeddable":true,"href":"https:\/\/neocar.shop\/fr\/wp-json\/wp\/v2\/media\/14702"}],"wp:attachment":[{"href":"https:\/\/neocar.shop\/fr\/wp-json\/wp\/v2\/media?parent=10553"}],"wp:term":[{"taxonomy":"product_brand","embeddable":true,"href":"https:\/\/neocar.shop\/fr\/wp-json\/wp\/v2\/product_brand?post=10553"},{"taxonomy":"product_cat","embeddable":true,"href":"https:\/\/neocar.shop\/fr\/wp-json\/wp\/v2\/product_cat?post=10553"},{"taxonomy":"product_tag","embeddable":true,"href":"https:\/\/neocar.shop\/fr\/wp-json\/wp\/v2\/product_tag?post=10553"}],"curies":[{"name":"wp","href":"https:\/\/api.w.org\/{rel}","templated":true}]}}