{"id":10540,"date":"2023-12-26T19:47:23","date_gmt":"2023-12-26T18:47:23","guid":{"rendered":"https:\/\/neocar.shop\/?post_type=product&#038;p=10540"},"modified":"2023-12-26T19:49:07","modified_gmt":"2023-12-26T18:49:07","slug":"3brosse-a-recurer-electrique-avec-perceuse-ensemble-daccessoires-de-reve-brosse-a-recurer-pour-livres-douches-baignoires-tapis-a-coulis-hotile-3-pieces","status":"publish","type":"product","link":"https:\/\/neocar.shop\/fr\/produit\/3brosse-a-recurer-electrique-avec-perceuse-ensemble-daccessoires-de-reve-brosse-a-recurer-pour-livres-douches-baignoires-tapis-a-coulis-hotile-3-pieces\/","title":{"rendered":"3pi\u00e9ces Brosse \u00e0 r\u00e9curer \u00e9lectrique avec perceuse"},"content":{"rendered":"<p style=\"text-align: left;\">Kit de fixation de brosse,: Cet ensemble comprend trois accessoires de brosse diff\u00e9rents pour votre perceuse, ce qui le rend polyvalent et parfait pour nettoyer diverses surfaces.<\/p>\n<p style=\"text-align: left;\">\u2022 Brosse d&#8217;\u00e9purateur de puissance: La brosse d&#8217;\u00e9purateur \u00e9lectrique est con\u00e7ue pour \u00e9liminer la salet\u00e9 tenace et la salet\u00e9 des zones difficiles d&#8217;acc\u00e8s, ce qui la rend id\u00e9ale pour nettoyer les douches, les baignoires et le coulis de carrelage de salle de bain.<\/p>\n<p style=\"text-align: left;\">\u2022 Brosse de gommage pour perceuse: La brosse \u00e0 r\u00e9curer est parfaite pour nettoyer les tapis et autres surfaces qui n\u00e9cessitent un nettoyage en profondeur. Les poils de la brosse sont con\u00e7us pour p\u00e9n\u00e9trer profond\u00e9ment dans les fibres, en \u00e9liminant la salet\u00e9 et les d\u00e9bris.<\/p>\n<p style=\"text-align: left;\">\u2022 Compatible avec les perceuses: Cet ensemble de brosses est compatible avec la plupart des forets, ce qui le rend facile \u00e0 utiliser et pratique pour tout projet de bricolage.<\/p>\n<p style=\"text-align: left;\">Sp\u00e9cification:<\/p>\n<p style=\"text-align: left;\">Type: Brosse d&#8217;\u00e9purateur de perceuse<\/p>\n<p style=\"text-align: left;\">Mat\u00e9riel: Nylon<\/p>\n<p style=\"text-align: left;\">Taille: 2\/3.5 \/4 \/5 pouces<\/p>\n<p style=\"text-align: left;\">Couleur jaune vert<\/p>\n<p style=\"text-align: left;\">Quantit\u00e9: 3pcs<\/p>\n<p style=\"text-align: center;\"><a href=\"http:\/\/neocar.shop\/wp-content\/uploads\/2023\/12\/IMG_3970.jpeg\"><img fetchpriority=\"high\" decoding=\"async\" class=\"alignnone size-medium wp-image-10546\" src=\"http:\/\/neocar.shop\/wp-content\/uploads\/2023\/12\/IMG_3970-300x300.jpeg\" alt=\"\" width=\"300\" height=\"300\" srcset=\"https:\/\/neocar.shop\/wp-content\/uploads\/2023\/12\/IMG_3970-300x300.jpeg 300w, https:\/\/neocar.shop\/wp-content\/uploads\/2023\/12\/IMG_3970-600x600.jpeg 600w, https:\/\/neocar.shop\/wp-content\/uploads\/2023\/12\/IMG_3970-148x148.jpeg 148w, https:\/\/neocar.shop\/wp-content\/uploads\/2023\/12\/IMG_3970-150x150.jpeg 150w, https:\/\/neocar.shop\/wp-content\/uploads\/2023\/12\/IMG_3970-768x768.jpeg 768w, https:\/\/neocar.shop\/wp-content\/uploads\/2023\/12\/IMG_3970-12x12.jpeg 12w, https:\/\/neocar.shop\/wp-content\/uploads\/2023\/12\/IMG_3970.jpeg 800w\" sizes=\"(max-width: 300px) 100vw, 300px\" \/><\/a> <a href=\"http:\/\/neocar.shop\/wp-content\/uploads\/2023\/12\/IMG_3969.jpeg\"><img decoding=\"async\" class=\"alignnone size-medium wp-image-10547\" src=\"http:\/\/neocar.shop\/wp-content\/uploads\/2023\/12\/IMG_3969-300x300.jpeg\" alt=\"\" width=\"300\" height=\"300\" srcset=\"https:\/\/neocar.shop\/wp-content\/uploads\/2023\/12\/IMG_3969-300x300.jpeg 300w, https:\/\/neocar.shop\/wp-content\/uploads\/2023\/12\/IMG_3969-600x600.jpeg 600w, https:\/\/neocar.shop\/wp-content\/uploads\/2023\/12\/IMG_3969-148x148.jpeg 148w, https:\/\/neocar.shop\/wp-content\/uploads\/2023\/12\/IMG_3969-150x150.jpeg 150w, https:\/\/neocar.shop\/wp-content\/uploads\/2023\/12\/IMG_3969-768x768.jpeg 768w, https:\/\/neocar.shop\/wp-content\/uploads\/2023\/12\/IMG_3969-12x12.jpeg 12w, https:\/\/neocar.shop\/wp-content\/uploads\/2023\/12\/IMG_3969.jpeg 800w\" sizes=\"(max-width: 300px) 100vw, 300px\" \/><\/a> <a href=\"http:\/\/neocar.shop\/wp-content\/uploads\/2023\/12\/IMG_3968.jpeg\"><img decoding=\"async\" class=\"alignnone size-medium wp-image-10548\" src=\"http:\/\/neocar.shop\/wp-content\/uploads\/2023\/12\/IMG_3968-300x300.jpeg\" alt=\"\" width=\"300\" height=\"300\" srcset=\"https:\/\/neocar.shop\/wp-content\/uploads\/2023\/12\/IMG_3968-300x300.jpeg 300w, https:\/\/neocar.shop\/wp-content\/uploads\/2023\/12\/IMG_3968-600x600.jpeg 600w, https:\/\/neocar.shop\/wp-content\/uploads\/2023\/12\/IMG_3968-148x148.jpeg 148w, https:\/\/neocar.shop\/wp-content\/uploads\/2023\/12\/IMG_3968-150x150.jpeg 150w, https:\/\/neocar.shop\/wp-content\/uploads\/2023\/12\/IMG_3968-768x768.jpeg 768w, https:\/\/neocar.shop\/wp-content\/uploads\/2023\/12\/IMG_3968-12x12.jpeg 12w, https:\/\/neocar.shop\/wp-content\/uploads\/2023\/12\/IMG_3968.jpeg 800w\" sizes=\"(max-width: 300px) 100vw, 300px\" \/><\/a> <a href=\"http:\/\/neocar.shop\/wp-content\/uploads\/2023\/12\/IMG_3972.jpeg\"><img loading=\"lazy\" decoding=\"async\" class=\"alignnone size-medium wp-image-10549\" src=\"http:\/\/neocar.shop\/wp-content\/uploads\/2023\/12\/IMG_3972-300x300.jpeg\" alt=\"\" width=\"300\" height=\"300\" srcset=\"https:\/\/neocar.shop\/wp-content\/uploads\/2023\/12\/IMG_3972-300x300.jpeg 300w, https:\/\/neocar.shop\/wp-content\/uploads\/2023\/12\/IMG_3972-600x600.jpeg 600w, https:\/\/neocar.shop\/wp-content\/uploads\/2023\/12\/IMG_3972-148x148.jpeg 148w, https:\/\/neocar.shop\/wp-content\/uploads\/2023\/12\/IMG_3972-150x150.jpeg 150w, https:\/\/neocar.shop\/wp-content\/uploads\/2023\/12\/IMG_3972-768x768.jpeg 768w, https:\/\/neocar.shop\/wp-content\/uploads\/2023\/12\/IMG_3972-12x12.jpeg 12w, https:\/\/neocar.shop\/wp-content\/uploads\/2023\/12\/IMG_3972.jpeg 800w\" sizes=\"(max-width: 300px) 100vw, 300px\" \/><\/a><\/p>","protected":false},"excerpt":{"rendered":"<p style=\"text-align: left;\">Brosse \u00e0 r\u00e9curer \u00e9lectrique avec perceuse, ensemble d&#8217;accessoires de r\u00eave, brosse \u00e0 r\u00e9curer pour livres, douches, baignoires, tapis \u00e0 coulis HOTile, 3 pi\u00e8ces<\/p>","protected":false},"featured_media":10541,"comment_status":"open","ping_status":"closed","template":"","meta":[],"product_brand":[],"product_cat":[81,82,69,67],"product_tag":[463,465,464,260],"class_list":{"0":"post-10540","1":"product","2":"type-product","3":"status-publish","4":"has-post-thumbnail","6":"product_cat-81","7":"product_cat-82","8":"product_cat-69","9":"product_cat-67","10":"product_tag-brosse","11":"product_tag-465","12":"product_tag-464","13":"product_tag-260","15":"first","16":"instock","17":"shipping-taxable","18":"purchasable","19":"product-type-simple"},"jetpack_sharing_enabled":true,"_links":{"self":[{"href":"https:\/\/neocar.shop\/fr\/wp-json\/wp\/v2\/product\/10540"}],"collection":[{"href":"https:\/\/neocar.shop\/fr\/wp-json\/wp\/v2\/product"}],"about":[{"href":"https:\/\/neocar.shop\/fr\/wp-json\/wp\/v2\/types\/product"}],"replies":[{"embeddable":true,"href":"https:\/\/neocar.shop\/fr\/wp-json\/wp\/v2\/comments?post=10540"}],"version-history":[{"count":3,"href":"https:\/\/neocar.shop\/fr\/wp-json\/wp\/v2\/product\/10540\/revisions"}],"predecessor-version":[{"id":10551,"href":"https:\/\/neocar.shop\/fr\/wp-json\/wp\/v2\/product\/10540\/revisions\/10551"}],"wp:featuredmedia":[{"embeddable":true,"href":"https:\/\/neocar.shop\/fr\/wp-json\/wp\/v2\/media\/10541"}],"wp:attachment":[{"href":"https:\/\/neocar.shop\/fr\/wp-json\/wp\/v2\/media?parent=10540"}],"wp:term":[{"taxonomy":"product_brand","embeddable":true,"href":"https:\/\/neocar.shop\/fr\/wp-json\/wp\/v2\/product_brand?post=10540"},{"taxonomy":"product_cat","embeddable":true,"href":"https:\/\/neocar.shop\/fr\/wp-json\/wp\/v2\/product_cat?post=10540"},{"taxonomy":"product_tag","embeddable":true,"href":"https:\/\/neocar.shop\/fr\/wp-json\/wp\/v2\/product_tag?post=10540"}],"curies":[{"name":"wp","href":"https:\/\/api.w.org\/{rel}","templated":true}]}}