{"id":10508,"date":"2023-12-21T10:18:42","date_gmt":"2023-12-21T09:18:42","guid":{"rendered":"https:\/\/neocar.shop\/?post_type=product&#038;p=10508"},"modified":"2025-01-04T22:16:51","modified_gmt":"2025-01-04T21:16:51","slug":"table-pliante-plateau-de-nourriture","status":"publish","type":"product","link":"https:\/\/neocar.shop\/fr\/produit\/table-pliante-plateau-de-nourriture\/","title":{"rendered":"Table Pliante Plateau De Nourriture"},"content":{"rendered":"<div class=\"product-section description-section\">\n<div class=\"single-description fr-view\">\n<p style=\"text-align: center;\"><strong>\u0642\u0645 \u0628\u062a\u062d\u0648\u064a\u0644 \u0631\u062d\u0644\u0627\u062a\u0643 \u0641\u064a \u0627\u0644\u0633\u064a\u0627\u0631\u0629 \u0625\u0644\u0649 \u062a\u062c\u0631\u0628\u0629 \u0645\u0631\u064a\u062d\u0629 \u0645\u0639 \u0645\u0646\u062a\u062c\u0646\u0627 \u0627\u0644\u062c\u062f\u064a\u062f\u060c \u0645\u0646\u0638\u0645 \u0627\u0644\u0645\u0642\u0639\u062f \u0627\u0644\u062e\u0644\u0641\u064a \u0644\u0644\u0633\u064a\u0627\u0631\u0629 \u0648\u062c\u062f\u0648\u0644 \u0627\u0644\u0637\u0639\u0627\u0645 \u0627\u0644\u0645\u0637\u0648\u064a. \u0627\u0633\u062a\u0645\u062a\u0639 \u0628\u062a\u0646\u0627\u0648\u0644 \u0627\u0644\u0637\u0639\u0627\u0645 \u0628\u0633\u0647\u0648\u0644\u0629 \u0623\u062b\u0646\u0627\u0621 \u0627\u0644\u062a\u0646\u0642\u0644 \u0648\u0627\u062d\u062a\u0641\u0638 \u0628\u0645\u0642\u062a\u0646\u064a\u0627\u062a\u0643 \u0627\u0644\u0645\u0647\u0645\u0629 \u0645\u0646\u0638\u0645\u0629. \u0627\u062d\u0635\u0644 \u0627\u0644\u064a\u0648\u0645 \u0639\u0644\u0649 \u0631\u0641\u064a\u0642 \u0633\u0641\u0631\u0643 \u0627\u0644\u062c\u062f\u064a\u062f \u0644\u062a\u062c\u0639\u0644 \u0631\u062d\u0644\u0627\u062a\u0643 \u0623\u0643\u062b\u0631 \u0631\u0627\u062d\u0629 \u0648\u062a\u0646\u0638\u064a\u0645\u064b\u0627.&#8221;<\/strong><\/p>\n<p style=\"text-align: center;\"><a href=\"http:\/\/neocar.shop\/wp-content\/uploads\/2023\/12\/UChnmJUJwd1zx5SB70aDjGDouYDdu72Kt00io2vb.jpeg\"><img fetchpriority=\"high\" decoding=\"async\" class=\"alignnone size-medium wp-image-10610\" src=\"http:\/\/neocar.shop\/wp-content\/uploads\/2023\/12\/UChnmJUJwd1zx5SB70aDjGDouYDdu72Kt00io2vb-300x300.jpeg\" alt=\"\" width=\"300\" height=\"300\" srcset=\"https:\/\/neocar.shop\/wp-content\/uploads\/2023\/12\/UChnmJUJwd1zx5SB70aDjGDouYDdu72Kt00io2vb-300x300.jpeg 300w, https:\/\/neocar.shop\/wp-content\/uploads\/2023\/12\/UChnmJUJwd1zx5SB70aDjGDouYDdu72Kt00io2vb-600x600.jpeg 600w, https:\/\/neocar.shop\/wp-content\/uploads\/2023\/12\/UChnmJUJwd1zx5SB70aDjGDouYDdu72Kt00io2vb-148x148.jpeg 148w, https:\/\/neocar.shop\/wp-content\/uploads\/2023\/12\/UChnmJUJwd1zx5SB70aDjGDouYDdu72Kt00io2vb-150x150.jpeg 150w, https:\/\/neocar.shop\/wp-content\/uploads\/2023\/12\/UChnmJUJwd1zx5SB70aDjGDouYDdu72Kt00io2vb-768x768.jpeg 768w, https:\/\/neocar.shop\/wp-content\/uploads\/2023\/12\/UChnmJUJwd1zx5SB70aDjGDouYDdu72Kt00io2vb-12x12.jpeg 12w, https:\/\/neocar.shop\/wp-content\/uploads\/2023\/12\/UChnmJUJwd1zx5SB70aDjGDouYDdu72Kt00io2vb.jpeg 960w\" sizes=\"(max-width: 300px) 100vw, 300px\" \/><\/a><\/p>\n<p style=\"text-align: center;\"><strong>\u0625\u062c\u0639\u0644 \u0631\u062d\u0644\u0627\u062a\u0643 \u0645\u0639 \u0627\u0644\u0639\u0627\u0626\u0644\u0629 \u0645\u0646\u0638\u0645\u0629 \u0648 \u0633\u0647\u0644\u0629 \u0628\u062f\u0648\u0646 \u0639\u0646\u0627\u0621<\/strong><\/p>\n<p style=\"text-align: center;\"><a href=\"http:\/\/neocar.shop\/wp-content\/uploads\/2023\/12\/YM5zQOT7mzw5v3FPqzhO0UdrrpDh6Bp5CiKPs7mv.jpeg\"><img decoding=\"async\" class=\"alignnone size-medium wp-image-10611\" src=\"http:\/\/neocar.shop\/wp-content\/uploads\/2023\/12\/YM5zQOT7mzw5v3FPqzhO0UdrrpDh6Bp5CiKPs7mv-300x300.jpeg\" alt=\"\" width=\"300\" height=\"300\" srcset=\"https:\/\/neocar.shop\/wp-content\/uploads\/2023\/12\/YM5zQOT7mzw5v3FPqzhO0UdrrpDh6Bp5CiKPs7mv-300x300.jpeg 300w, https:\/\/neocar.shop\/wp-content\/uploads\/2023\/12\/YM5zQOT7mzw5v3FPqzhO0UdrrpDh6Bp5CiKPs7mv-600x600.jpeg 600w, https:\/\/neocar.shop\/wp-content\/uploads\/2023\/12\/YM5zQOT7mzw5v3FPqzhO0UdrrpDh6Bp5CiKPs7mv-148x148.jpeg 148w, https:\/\/neocar.shop\/wp-content\/uploads\/2023\/12\/YM5zQOT7mzw5v3FPqzhO0UdrrpDh6Bp5CiKPs7mv-150x150.jpeg 150w, https:\/\/neocar.shop\/wp-content\/uploads\/2023\/12\/YM5zQOT7mzw5v3FPqzhO0UdrrpDh6Bp5CiKPs7mv-768x768.jpeg 768w, https:\/\/neocar.shop\/wp-content\/uploads\/2023\/12\/YM5zQOT7mzw5v3FPqzhO0UdrrpDh6Bp5CiKPs7mv-12x12.jpeg 12w, https:\/\/neocar.shop\/wp-content\/uploads\/2023\/12\/YM5zQOT7mzw5v3FPqzhO0UdrrpDh6Bp5CiKPs7mv.jpeg 1001w\" sizes=\"(max-width: 300px) 100vw, 300px\" \/><\/a><\/p>\n<p><strong>\u0633\u0647\u0644\u062a \u0627\u0644\u062a\u0631\u0643\u064a\u0628\u00a0<\/strong><\/p>\n<p><strong>\u0645\u0646\u0627\u0633\u0628\u0629 \u0644\u062c\u0645\u064a\u0639 \u0627\u0644\u0633\u064a\u0627\u0631\u0627\u062a<\/strong><\/p>\n<\/div>\n<\/div>\n<p style=\"text-align: left;\"><strong>Conception multifonctionnelle<\/strong><\/p>\n<p style=\"text-align: left;\"><strong>Cet organisateur de voiture est con\u00e7u pour \u00eatre multifonctionnel, vous permettant de l&#8217;utiliser \u00e0 diverses fins.<\/strong><\/p>\n<p style=\"text-align: left;\"><strong>Table pliante et porte-boisson<\/strong><\/p>\n<p style=\"text-align: left;\"><strong>Le produit comprend une table pliante et un porte- boisson, ce qui le rend parfait pour les longs voyages en voiture ou les sorties en famille.<\/strong><\/p>\n<p style=\"text-align: left;\"><strong>Mat\u00e9riel d&#8217;ABS<\/strong><\/p>\n<p style=\"text-align: left;\"><strong>Fabriqu\u00e9 en mat\u00e9riau ABS durable, cet organisateur de voiture est con\u00e7u pour durer et r\u00e9sister \u00e0 l&#8217;usure.<\/strong><\/p>\n<p style=\"text-align: left;\"><strong>Facile \u00e0 installer<\/strong><\/p>\n<p style=\"text-align: left;\"><strong>Avec sa conception simple, cet organisateur de voiture est facile \u00e0 installer et peut \u00eatre install\u00e9 en quelques minutes.<\/strong><\/p>\n<p style=\"text-align: left;\"><strong>Description du produit<\/strong><\/p>\n<p style=\"text-align: left;\"><strong>Plateau de salle \u00e0 manger,<\/strong><\/p>\n<p style=\"text-align: left;\"><strong>Caract\u00e9ristiques:<\/strong><\/p>\n<p style=\"text-align: left;\"><strong>1\u3001 Facile \u00e0 utiliser<\/strong><\/p>\n<p style=\"text-align: left;\"><strong>2\u3001Conception raisonnable et fonction puissante<\/strong><\/p>\n<p style=\"text-align: left;\"><strong>3\u3001Simple \u00e0 installer et facile \u00e0 d\u00e9monter.<\/strong><\/p>\n<p style=\"text-align: left;\"><strong>C&#8217;est un bon emplacement.<\/strong><\/p>\n<p style=\"text-align: left;\"><strong>Sp\u00e9cification:<\/strong><\/p>\n<p style=\"text-align: left;\"><strong>34*20*3cm<\/strong><\/p>\n<p style=\"text-align: left;\">","protected":false},"excerpt":{"rendered":"<p style=\"text-align: center;\"><strong>\u0642\u0645 \u0628\u062a\u062d\u0648\u064a\u0644 \u0631\u062d\u0644\u0627\u062a\u0643 \u0641\u064a \u0627\u0644\u0633\u064a\u0627\u0631\u0629 \u0625\u0644\u0649 \u062a\u062c\u0631\u0628\u0629 \u0645\u0631\u064a\u062d\u0629 \u00a0\u2b50\ufe0f\u2b50\ufe0f\u2b50\ufe0f\u2b50\ufe0f\u2b50\ufe0f<\/strong><\/p>\n<p style=\"text-align: center;\"><strong>\u062a\u062e\u0641\u064a\u0636\u0627\u062a \u0635\u0627\u0644\u062d\u0629 \u0625\u0644\u0627 \u063a\u0627\u064a\u0629 31 \u062f\u064a\u0633\u0645\u0628\u0631 2024\u00a0<\/strong><\/p>\n<p>\u0643\u0645\u064a\u0629: \u0637\u0627\u0648\u0644\u0629 \u0648\u0627\u062d\u062f\u0629<\/p>","protected":false},"featured_media":16230,"comment_status":"open","ping_status":"closed","template":"","meta":[],"product_brand":[],"product_cat":[81,83],"product_tag":[293,460],"class_list":{"0":"post-10508","1":"product","2":"type-product","3":"status-publish","4":"has-post-thumbnail","6":"product_cat-81","7":"product_cat-83","8":"product_tag-boite-de-rangement","9":"product_tag-table","11":"first","12":"instock","13":"sale","14":"shipping-taxable","15":"purchasable","16":"product-type-simple"},"jetpack_sharing_enabled":true,"_links":{"self":[{"href":"https:\/\/neocar.shop\/fr\/wp-json\/wp\/v2\/product\/10508"}],"collection":[{"href":"https:\/\/neocar.shop\/fr\/wp-json\/wp\/v2\/product"}],"about":[{"href":"https:\/\/neocar.shop\/fr\/wp-json\/wp\/v2\/types\/product"}],"replies":[{"embeddable":true,"href":"https:\/\/neocar.shop\/fr\/wp-json\/wp\/v2\/comments?post=10508"}],"version-history":[{"count":6,"href":"https:\/\/neocar.shop\/fr\/wp-json\/wp\/v2\/product\/10508\/revisions"}],"predecessor-version":[{"id":16201,"href":"https:\/\/neocar.shop\/fr\/wp-json\/wp\/v2\/product\/10508\/revisions\/16201"}],"wp:featuredmedia":[{"embeddable":true,"href":"https:\/\/neocar.shop\/fr\/wp-json\/wp\/v2\/media\/16230"}],"wp:attachment":[{"href":"https:\/\/neocar.shop\/fr\/wp-json\/wp\/v2\/media?parent=10508"}],"wp:term":[{"taxonomy":"product_brand","embeddable":true,"href":"https:\/\/neocar.shop\/fr\/wp-json\/wp\/v2\/product_brand?post=10508"},{"taxonomy":"product_cat","embeddable":true,"href":"https:\/\/neocar.shop\/fr\/wp-json\/wp\/v2\/product_cat?post=10508"},{"taxonomy":"product_tag","embeddable":true,"href":"https:\/\/neocar.shop\/fr\/wp-json\/wp\/v2\/product_tag?post=10508"}],"curies":[{"name":"wp","href":"https:\/\/api.w.org\/{rel}","templated":true}]}}