{"id":10400,"date":"2023-12-01T07:49:45","date_gmt":"2023-12-01T06:49:45","guid":{"rendered":"https:\/\/neocar.shop\/?post_type=product&#038;p=10400"},"modified":"2025-05-03T10:46:07","modified_gmt":"2025-05-03T09:46:07","slug":"retroviseurs-de-voiture","status":"publish","type":"product","link":"https:\/\/neocar.shop\/fr\/produit\/retroviseurs-de-voiture\/","title":{"rendered":"R\u00e9troviseurs de voiture"},"content":{"rendered":"<p style=\"text-align: left;\">2Pcs R\u00e9troviseurs de voiture \u00e0 ventouse Miroir d&#8217;angle mort \u00e0 360 \u00b0 Cadre rond ajustable Miroir auxiliaire convexe \u00e0 grand angle clair<\/p>\n<p style=\"text-align: left;\">D\u00e9crivez:<\/p>\n<p style=\"text-align: left;\">R\u00e9troviseur d&#8217;angle mort r\u00e9glable pour automobile pour l&#8217;ext\u00e9rieur de l&#8217;aile en verre haute d\u00e9finition c\u00f4t\u00e9 clair<\/p>\n<p style=\"text-align: left;\">L&#8217;angle de vision grand angle maximisera le r\u00e9troviseur de votre voiture pour \u00e9viter tout accident ou collision lorsque vous changez de voie pour assurer la s\u00e9curit\u00e9 de conduite.<\/p>\n<p style=\"text-align: left;\">Notre miroir d&#8217;angle mort convexe a la derni\u00e8re mise \u00e0 niveau de rotation \u00e0 360\u00b0, maximisant votre champ de vision avec un grand angle pendant que vous conduisez.<\/p>\n<p style=\"text-align: left;\">Sp\u00e9cification:<\/p>\n<p style=\"text-align: left;\">Mat\u00e9riau: verre + plastique<\/p>\n<p style=\"text-align: left;\">Taille: 5cm de diam\u00e8tre<\/p>\n<p style=\"text-align: left;\">Couleur: noir, blanc, argent<\/p>\n<p style=\"text-align: left;\">Quantit\u00e9: 2 pi\u00e8ces\/paire<\/p>\n<p style=\"text-align: left;\">Le forfait comprend:<\/p>\n<p style=\"text-align: left;\">Une paire de r\u00e9troviseurs d&#8217;angle mort de voiture<\/p>","protected":false},"excerpt":{"rendered":"<p style=\"text-align: left;\">r\u00e9troviseur d&#8217;angle mort \u00e0 360 \u00b0, cadre rond r\u00e9glable, grand angle convexe, r\u00e9troviseur auxiliaire transparent, 2 pi\u00e8ces<\/p>","protected":false},"featured_media":10401,"comment_status":"open","ping_status":"closed","template":"","meta":[],"product_brand":[],"product_cat":[75,79,76],"product_tag":[298],"class_list":{"0":"post-10400","1":"product","2":"type-product","3":"status-publish","4":"has-post-thumbnail","6":"product_cat-75","7":"product_cat-79","8":"product_cat-76","9":"product_tag-retroviseur","11":"first","12":"instock","13":"shipping-taxable","14":"purchasable","15":"product-type-simple"},"jetpack_sharing_enabled":true,"_links":{"self":[{"href":"https:\/\/neocar.shop\/fr\/wp-json\/wp\/v2\/product\/10400"}],"collection":[{"href":"https:\/\/neocar.shop\/fr\/wp-json\/wp\/v2\/product"}],"about":[{"href":"https:\/\/neocar.shop\/fr\/wp-json\/wp\/v2\/types\/product"}],"replies":[{"embeddable":true,"href":"https:\/\/neocar.shop\/fr\/wp-json\/wp\/v2\/comments?post=10400"}],"version-history":[{"count":2,"href":"https:\/\/neocar.shop\/fr\/wp-json\/wp\/v2\/product\/10400\/revisions"}],"predecessor-version":[{"id":10408,"href":"https:\/\/neocar.shop\/fr\/wp-json\/wp\/v2\/product\/10400\/revisions\/10408"}],"wp:featuredmedia":[{"embeddable":true,"href":"https:\/\/neocar.shop\/fr\/wp-json\/wp\/v2\/media\/10401"}],"wp:attachment":[{"href":"https:\/\/neocar.shop\/fr\/wp-json\/wp\/v2\/media?parent=10400"}],"wp:term":[{"taxonomy":"product_brand","embeddable":true,"href":"https:\/\/neocar.shop\/fr\/wp-json\/wp\/v2\/product_brand?post=10400"},{"taxonomy":"product_cat","embeddable":true,"href":"https:\/\/neocar.shop\/fr\/wp-json\/wp\/v2\/product_cat?post=10400"},{"taxonomy":"product_tag","embeddable":true,"href":"https:\/\/neocar.shop\/fr\/wp-json\/wp\/v2\/product_tag?post=10400"}],"curies":[{"name":"wp","href":"https:\/\/api.w.org\/{rel}","templated":true}]}}