{"id":10352,"date":"2023-11-30T08:29:36","date_gmt":"2023-11-30T07:29:36","guid":{"rendered":"https:\/\/neocar.shop\/?post_type=product&#038;p=10352"},"modified":"2026-05-15T19:08:59","modified_gmt":"2026-05-15T18:08:59","slug":"diffuseur-de-parfum-magnetique","status":"publish","type":"product","link":"https:\/\/neocar.shop\/fr\/produit\/diffuseur-de-parfum-magnetique\/","title":{"rendered":"Diffuseur de parfum magn\u00e9tique"},"content":{"rendered":"<p>Description:<\/p>\n<p>1. Ce d\u00e9sodorisant de voiture est excellent pour vous-m\u00eame ou pr\u00e9sente comme un cadeau pour elle\/lui sur les anniversaires.<\/p>\n<p>2. Vous pouvez tourner le couvercle pour ajuster le parfum, il est facile \u00e0 installer et \u00e0 changer le remplacement du parfum.<\/p>\n<p>3. Le d\u00e9sodorisant rotatif solaire est plus \u00e9cologique.<\/p>\n<p>Sp\u00e9cification:<\/p>\n<p>1 Nom: aromath\u00e9rapie de voiture<\/p>","protected":false},"excerpt":{"rendered":"<p>D\u00e9sodorisant de voiture \u00e0 \u00e9nergie solaire, aromath\u00e9rapie, double anneau, tableau Prada lointain, d\u00e9coration, ornement, environnement, diffuseur de parfum automatique fresh bear canard voiture accessoire parfum voiture<\/p>","protected":false},"featured_media":10353,"comment_status":"open","ping_status":"closed","template":"","meta":[],"product_brand":[],"product_cat":[81,85],"product_tag":[449,134],"class_list":{"0":"post-10352","1":"product","2":"type-product","3":"status-publish","4":"has-post-thumbnail","6":"product_cat-81","7":"product_cat-85","8":"product_tag-decore","9":"product_tag-parfum","11":"first","12":"instock","13":"sale","14":"shipping-taxable","15":"purchasable","16":"product-type-variable"},"jetpack_sharing_enabled":true,"_links":{"self":[{"href":"https:\/\/neocar.shop\/fr\/wp-json\/wp\/v2\/product\/10352"}],"collection":[{"href":"https:\/\/neocar.shop\/fr\/wp-json\/wp\/v2\/product"}],"about":[{"href":"https:\/\/neocar.shop\/fr\/wp-json\/wp\/v2\/types\/product"}],"replies":[{"embeddable":true,"href":"https:\/\/neocar.shop\/fr\/wp-json\/wp\/v2\/comments?post=10352"}],"version-history":[{"count":1,"href":"https:\/\/neocar.shop\/fr\/wp-json\/wp\/v2\/product\/10352\/revisions"}],"predecessor-version":[{"id":10357,"href":"https:\/\/neocar.shop\/fr\/wp-json\/wp\/v2\/product\/10352\/revisions\/10357"}],"wp:featuredmedia":[{"embeddable":true,"href":"https:\/\/neocar.shop\/fr\/wp-json\/wp\/v2\/media\/10353"}],"wp:attachment":[{"href":"https:\/\/neocar.shop\/fr\/wp-json\/wp\/v2\/media?parent=10352"}],"wp:term":[{"taxonomy":"product_brand","embeddable":true,"href":"https:\/\/neocar.shop\/fr\/wp-json\/wp\/v2\/product_brand?post=10352"},{"taxonomy":"product_cat","embeddable":true,"href":"https:\/\/neocar.shop\/fr\/wp-json\/wp\/v2\/product_cat?post=10352"},{"taxonomy":"product_tag","embeddable":true,"href":"https:\/\/neocar.shop\/fr\/wp-json\/wp\/v2\/product_tag?post=10352"}],"curies":[{"name":"wp","href":"https:\/\/api.w.org\/{rel}","templated":true}]}}