{"id":10307,"date":"2023-11-20T21:01:37","date_gmt":"2023-11-20T20:01:37","guid":{"rendered":"https:\/\/neocar.shop\/?post_type=product&#038;p=10307"},"modified":"2024-04-08T22:45:17","modified_gmt":"2024-04-08T21:45:17","slug":"bluetooth-pour-peugeot-citroen","status":"publish","type":"product","link":"https:\/\/neocar.shop\/fr\/produit\/bluetooth-pour-peugeot-citroen\/","title":{"rendered":"Fiche Bluetooth Radio"},"content":{"rendered":"<p>\u062c\u0647\u0627\u0632 bluethoot \u0635\u0627\u0644\u062d \u0644\u0644\u0633\u064a\u0627\u0631\u0627\u062a \u0627\u0644\u062a\u0627\u0644\u064a\u0629 : <strong>peugeot:<\/strong>207\/206\/207\/301\/3008\/206\/perlingo\/307\/308\/407\/607\/807\/\/1007\/\/4007\/expert\/<\/p>\n<p><strong>citroen<\/strong>:c2\/c3\/c4\/c5\/c6\/c8\/berlingo\/\/jumpy\/synergie\/expert<\/p>\n<p style=\"text-align: center;\"><a href=\"https:\/\/neocar.shop\/wp-content\/uploads\/2023\/11\/IMG_5336.webp\"><img fetchpriority=\"high\" decoding=\"async\" class=\"alignnone size-medium wp-image-10841\" src=\"https:\/\/neocar.shop\/wp-content\/uploads\/2023\/11\/IMG_5336-300x225.webp\" alt=\"\" width=\"300\" height=\"225\" srcset=\"https:\/\/neocar.shop\/wp-content\/uploads\/2023\/11\/IMG_5336-300x225.webp 300w, https:\/\/neocar.shop\/wp-content\/uploads\/2023\/11\/IMG_5336-148x111.webp 148w, https:\/\/neocar.shop\/wp-content\/uploads\/2023\/11\/IMG_5336-16x12.webp 16w, https:\/\/neocar.shop\/wp-content\/uploads\/2023\/11\/IMG_5336.webp 640w\" sizes=\"(max-width: 300px) 100vw, 300px\" \/><\/a> <a href=\"https:\/\/neocar.shop\/wp-content\/uploads\/2023\/11\/IMG_5337.jpeg\"><img decoding=\"async\" class=\"alignnone size-medium wp-image-10842\" src=\"https:\/\/neocar.shop\/wp-content\/uploads\/2023\/11\/IMG_5337-300x225.jpeg\" alt=\"\" width=\"300\" height=\"225\" srcset=\"https:\/\/neocar.shop\/wp-content\/uploads\/2023\/11\/IMG_5337-300x225.jpeg 300w, https:\/\/neocar.shop\/wp-content\/uploads\/2023\/11\/IMG_5337-148x111.jpeg 148w, https:\/\/neocar.shop\/wp-content\/uploads\/2023\/11\/IMG_5337-16x12.jpeg 16w, https:\/\/neocar.shop\/wp-content\/uploads\/2023\/11\/IMG_5337.jpeg 640w\" sizes=\"(max-width: 300px) 100vw, 300px\" \/><\/a> <a href=\"https:\/\/neocar.shop\/wp-content\/uploads\/2023\/11\/IMG_5338.jpeg\"><img decoding=\"async\" class=\"size-medium wp-image-10843 alignnone\" src=\"https:\/\/neocar.shop\/wp-content\/uploads\/2023\/11\/IMG_5338-300x300.jpeg\" alt=\"\" width=\"300\" height=\"300\" srcset=\"https:\/\/neocar.shop\/wp-content\/uploads\/2023\/11\/IMG_5338-300x300.jpeg 300w, https:\/\/neocar.shop\/wp-content\/uploads\/2023\/11\/IMG_5338-148x148.jpeg 148w, https:\/\/neocar.shop\/wp-content\/uploads\/2023\/11\/IMG_5338-150x150.jpeg 150w, https:\/\/neocar.shop\/wp-content\/uploads\/2023\/11\/IMG_5338-12x12.jpeg 12w, https:\/\/neocar.shop\/wp-content\/uploads\/2023\/11\/IMG_5338.jpeg 554w\" sizes=\"(max-width: 300px) 100vw, 300px\" \/><\/a><\/p>\n<p style=\"text-align: left;\"><strong>:volkswagen\/skoda\/seat<\/strong><\/p>\n<p dir=\"ltr\">polo\/ibiza\/fabia\/octavia\/mk4\/mk5&#8230;<\/p>\n<p dir=\"ltr\" style=\"text-align: center;\">RCD310<\/p>\n<p dir=\"ltr\" style=\"text-align: center;\"><a href=\"https:\/\/neocar.shop\/wp-content\/uploads\/2023\/11\/IMG_5330.jpeg\"><img loading=\"lazy\" decoding=\"async\" class=\"alignnone size-medium wp-image-10834\" src=\"https:\/\/neocar.shop\/wp-content\/uploads\/2023\/11\/IMG_5330-300x177.jpeg\" alt=\"\" width=\"300\" height=\"177\" srcset=\"https:\/\/neocar.shop\/wp-content\/uploads\/2023\/11\/IMG_5330-300x177.jpeg 300w, https:\/\/neocar.shop\/wp-content\/uploads\/2023\/11\/IMG_5330-148x87.jpeg 148w, https:\/\/neocar.shop\/wp-content\/uploads\/2023\/11\/IMG_5330-18x12.jpeg 18w, https:\/\/neocar.shop\/wp-content\/uploads\/2023\/11\/IMG_5330.jpeg 640w\" sizes=\"(max-width: 300px) 100vw, 300px\" \/><\/a><\/p>\n<p dir=\"ltr\" style=\"text-align: center;\">RNS315<\/p>\n<p dir=\"ltr\" style=\"text-align: center;\"><a href=\"https:\/\/neocar.shop\/wp-content\/uploads\/2023\/11\/IMG_5331.jpeg\"><img loading=\"lazy\" decoding=\"async\" class=\"alignnone size-medium wp-image-10835\" src=\"https:\/\/neocar.shop\/wp-content\/uploads\/2023\/11\/IMG_5331-300x190.jpeg\" alt=\"\" width=\"300\" height=\"190\" srcset=\"https:\/\/neocar.shop\/wp-content\/uploads\/2023\/11\/IMG_5331-300x190.jpeg 300w, https:\/\/neocar.shop\/wp-content\/uploads\/2023\/11\/IMG_5331-148x94.jpeg 148w, https:\/\/neocar.shop\/wp-content\/uploads\/2023\/11\/IMG_5331-18x12.jpeg 18w, https:\/\/neocar.shop\/wp-content\/uploads\/2023\/11\/IMG_5331.jpeg 696w\" sizes=\"(max-width: 300px) 100vw, 300px\" \/><\/a><\/p>\n<p dir=\"ltr\" style=\"text-align: center;\">RNS310<\/p>\n<p dir=\"ltr\" style=\"text-align: center;\"><a href=\"https:\/\/neocar.shop\/wp-content\/uploads\/2023\/11\/IMG_5332.jpeg\"><img loading=\"lazy\" decoding=\"async\" class=\"alignnone size-medium wp-image-10836\" src=\"https:\/\/neocar.shop\/wp-content\/uploads\/2023\/11\/IMG_5332-300x225.jpeg\" alt=\"\" width=\"300\" height=\"225\" srcset=\"https:\/\/neocar.shop\/wp-content\/uploads\/2023\/11\/IMG_5332-300x225.jpeg 300w, https:\/\/neocar.shop\/wp-content\/uploads\/2023\/11\/IMG_5332-148x111.jpeg 148w, https:\/\/neocar.shop\/wp-content\/uploads\/2023\/11\/IMG_5332-16x12.jpeg 16w, https:\/\/neocar.shop\/wp-content\/uploads\/2023\/11\/IMG_5332.jpeg 640w\" sizes=\"(max-width: 300px) 100vw, 300px\" \/><\/a><\/p>\n<p dir=\"ltr\" style=\"text-align: center;\">RCD210<\/p>\n<p dir=\"ltr\" style=\"text-align: center;\"><a href=\"https:\/\/neocar.shop\/wp-content\/uploads\/2023\/11\/IMG_5333.jpeg\"><img loading=\"lazy\" decoding=\"async\" class=\"alignnone size-medium wp-image-10838\" src=\"https:\/\/neocar.shop\/wp-content\/uploads\/2023\/11\/IMG_5333-300x191.jpeg\" alt=\"\" width=\"300\" height=\"191\" srcset=\"https:\/\/neocar.shop\/wp-content\/uploads\/2023\/11\/IMG_5333-300x191.jpeg 300w, https:\/\/neocar.shop\/wp-content\/uploads\/2023\/11\/IMG_5333-148x94.jpeg 148w, https:\/\/neocar.shop\/wp-content\/uploads\/2023\/11\/IMG_5333-18x12.jpeg 18w, https:\/\/neocar.shop\/wp-content\/uploads\/2023\/11\/IMG_5333.jpeg 400w\" sizes=\"(max-width: 300px) 100vw, 300px\" \/><\/a><br \/>\n<a href=\"https:\/\/neocar.shop\/wp-content\/uploads\/2023\/11\/IMG_5334.jpeg\"><img loading=\"lazy\" decoding=\"async\" class=\"alignnone size-medium wp-image-10839\" src=\"https:\/\/neocar.shop\/wp-content\/uploads\/2023\/11\/IMG_5334-300x300.jpeg\" alt=\"\" width=\"300\" height=\"300\" srcset=\"https:\/\/neocar.shop\/wp-content\/uploads\/2023\/11\/IMG_5334-300x300.jpeg 300w, https:\/\/neocar.shop\/wp-content\/uploads\/2023\/11\/IMG_5334-600x600.jpeg 600w, https:\/\/neocar.shop\/wp-content\/uploads\/2023\/11\/IMG_5334-148x148.jpeg 148w, https:\/\/neocar.shop\/wp-content\/uploads\/2023\/11\/IMG_5334-150x150.jpeg 150w, https:\/\/neocar.shop\/wp-content\/uploads\/2023\/11\/IMG_5334-768x768.jpeg 768w, https:\/\/neocar.shop\/wp-content\/uploads\/2023\/11\/IMG_5334-12x12.jpeg 12w, https:\/\/neocar.shop\/wp-content\/uploads\/2023\/11\/IMG_5334.jpeg 1000w\" sizes=\"(max-width: 300px) 100vw, 300px\" \/><\/a><\/p>\n<p dir=\"ltr\"><strong>Renault:<\/strong><\/p>\n<p dir=\"ltr\"><strong>Pour Renault Clio (mod\u00e8les 2005 \u00e0 2011)<br \/>\nPour Renault Espace (mod\u00e8les 2005 \u00e0 2011)<br \/>\nPour Renault Kangoo (mod\u00e8les 2005 \u00e0 2011)<br \/>\nPour Renault Laguna (mod\u00e8les 2005 \u00e0 2011)<br \/>\nPour Renault Megane (mod\u00e8les 2005 \u00e0 2011)<br \/>\nPour Renault sc\u00e9nic (mod\u00e8les 2005 \u00e0 2011)<br \/>\nPour Renault Trafic (mod\u00e8les 2005 \u00e0 2011)<br \/>\nPour Renault Twingo (mod\u00e8les 2005 \u00e0 2011)<br \/>\nPour Renault Modus (mod\u00e8les 2005 \u00e0 2011)<br \/>\nPour Renault Master (mod\u00e8les 2005 \u00e0 2011)<\/strong><\/p>\n<p dir=\"ltr\"><a href=\"https:\/\/neocar.shop\/wp-content\/uploads\/2023\/11\/IMG_5340.jpeg\"><img loading=\"lazy\" decoding=\"async\" class=\"size-medium wp-image-10845 aligncenter\" src=\"https:\/\/neocar.shop\/wp-content\/uploads\/2023\/11\/IMG_5340-300x300.jpeg\" alt=\"\" width=\"300\" height=\"300\" srcset=\"https:\/\/neocar.shop\/wp-content\/uploads\/2023\/11\/IMG_5340-300x300.jpeg 300w, https:\/\/neocar.shop\/wp-content\/uploads\/2023\/11\/IMG_5340-148x148.jpeg 148w, https:\/\/neocar.shop\/wp-content\/uploads\/2023\/11\/IMG_5340-150x150.jpeg 150w, https:\/\/neocar.shop\/wp-content\/uploads\/2023\/11\/IMG_5340-12x12.jpeg 12w, https:\/\/neocar.shop\/wp-content\/uploads\/2023\/11\/IMG_5340.jpeg 554w\" sizes=\"(max-width: 300px) 100vw, 300px\" \/><\/a><\/p>","protected":false},"excerpt":{"rendered":"<p>\u062c\u0647\u0627\u0632 bluethoot \u0635\u0627\u0644\u062d \u0644\u0644\u0633\u064a\u0627\u0631\u0627\u062a \u0627\u0644\u062a\u0627\u0644\u064a\u0629 : peugeot:207\/206\/207\/301\/3008\/206\/perlingo\/307\/308\/407\/607\/807\/\/1007\/\/4007\/expert\/ citroen:c2\/c3\/c4\/c5\/c6\/c8\/berlingo\/\/jumpy\/synergie\/expert :volkswagen\/skoda\/seat polo\/ibiza\/fabia\/octavia\/mk4\/mk5&#8230; RCD310 RNS315 RNS310 RCD210 Renault: Pour Renault Clio (mod\u00e8les 2005<\/p>","protected":false},"featured_media":10832,"comment_status":"open","ping_status":"closed","template":"","meta":[],"product_brand":[],"product_cat":[71],"product_tag":[442,441,196],"class_list":{"0":"post-10307","1":"product","2":"type-product","3":"status-publish","4":"has-post-thumbnail","6":"product_cat-71","7":"product_tag-bluethoot","8":"product_tag-citroen","9":"product_tag-peugeot","11":"first","12":"instock","13":"sale","14":"shipping-taxable","15":"purchasable","16":"product-type-variable","17":"has-default-attributes"},"jetpack_sharing_enabled":true,"_links":{"self":[{"href":"https:\/\/neocar.shop\/fr\/wp-json\/wp\/v2\/product\/10307"}],"collection":[{"href":"https:\/\/neocar.shop\/fr\/wp-json\/wp\/v2\/product"}],"about":[{"href":"https:\/\/neocar.shop\/fr\/wp-json\/wp\/v2\/types\/product"}],"replies":[{"embeddable":true,"href":"https:\/\/neocar.shop\/fr\/wp-json\/wp\/v2\/comments?post=10307"}],"version-history":[{"count":8,"href":"https:\/\/neocar.shop\/fr\/wp-json\/wp\/v2\/product\/10307\/revisions"}],"predecessor-version":[{"id":10313,"href":"https:\/\/neocar.shop\/fr\/wp-json\/wp\/v2\/product\/10307\/revisions\/10313"}],"wp:featuredmedia":[{"embeddable":true,"href":"https:\/\/neocar.shop\/fr\/wp-json\/wp\/v2\/media\/10832"}],"wp:attachment":[{"href":"https:\/\/neocar.shop\/fr\/wp-json\/wp\/v2\/media?parent=10307"}],"wp:term":[{"taxonomy":"product_brand","embeddable":true,"href":"https:\/\/neocar.shop\/fr\/wp-json\/wp\/v2\/product_brand?post=10307"},{"taxonomy":"product_cat","embeddable":true,"href":"https:\/\/neocar.shop\/fr\/wp-json\/wp\/v2\/product_cat?post=10307"},{"taxonomy":"product_tag","embeddable":true,"href":"https:\/\/neocar.shop\/fr\/wp-json\/wp\/v2\/product_tag?post=10307"}],"curies":[{"name":"wp","href":"https:\/\/api.w.org\/{rel}","templated":true}]}}