{"id":10045,"date":"2023-10-28T10:59:25","date_gmt":"2023-10-28T09:59:25","guid":{"rendered":"https:\/\/neocar.shop\/?post_type=product&#038;p=10045"},"modified":"2023-12-08T15:11:57","modified_gmt":"2023-12-08T14:11:57","slug":"profwell-h3-triple-action-habitacle-cuir-tissu-plastique-pour-nettoyage-interieur-general","status":"publish","type":"product","link":"https:\/\/neocar.shop\/fr\/produit\/profwell-h3-triple-action-habitacle-cuir-tissu-plastique-pour-nettoyage-interieur-general\/","title":{"rendered":"Profwell H3 Triple Action Habitacle ( cuir . tissu . plastique ) pour nettoyage int\u00e9rieur g\u00e9n\u00e9ral"},"content":{"rendered":"","protected":false},"excerpt":{"rendered":"","protected":false},"featured_media":10046,"comment_status":"open","ping_status":"closed","template":"","meta":[],"product_brand":[],"product_cat":[393,66,68,67],"product_tag":[418,416,105,419,120],"class_list":{"0":"post-10045","1":"product","2":"type-product","3":"status-publish","4":"has-post-thumbnail","6":"product_cat-accessories","7":"product_cat-car-care","8":"product_cat-68","9":"product_cat-67","10":"product_tag-h3","11":"product_tag-nettoyant","12":"product_tag-nettoyant-tableu-de-bord","13":"product_tag-profwall","14":"product_tag-120","16":"first","17":"instock","18":"shipping-taxable","19":"purchasable","20":"product-type-simple"},"jetpack_sharing_enabled":true,"_links":{"self":[{"href":"https:\/\/neocar.shop\/fr\/wp-json\/wp\/v2\/product\/10045"}],"collection":[{"href":"https:\/\/neocar.shop\/fr\/wp-json\/wp\/v2\/product"}],"about":[{"href":"https:\/\/neocar.shop\/fr\/wp-json\/wp\/v2\/types\/product"}],"replies":[{"embeddable":true,"href":"https:\/\/neocar.shop\/fr\/wp-json\/wp\/v2\/comments?post=10045"}],"version-history":[{"count":1,"href":"https:\/\/neocar.shop\/fr\/wp-json\/wp\/v2\/product\/10045\/revisions"}],"predecessor-version":[{"id":10047,"href":"https:\/\/neocar.shop\/fr\/wp-json\/wp\/v2\/product\/10045\/revisions\/10047"}],"wp:featuredmedia":[{"embeddable":true,"href":"https:\/\/neocar.shop\/fr\/wp-json\/wp\/v2\/media\/10046"}],"wp:attachment":[{"href":"https:\/\/neocar.shop\/fr\/wp-json\/wp\/v2\/media?parent=10045"}],"wp:term":[{"taxonomy":"product_brand","embeddable":true,"href":"https:\/\/neocar.shop\/fr\/wp-json\/wp\/v2\/product_brand?post=10045"},{"taxonomy":"product_cat","embeddable":true,"href":"https:\/\/neocar.shop\/fr\/wp-json\/wp\/v2\/product_cat?post=10045"},{"taxonomy":"product_tag","embeddable":true,"href":"https:\/\/neocar.shop\/fr\/wp-json\/wp\/v2\/product_tag?post=10045"}],"curies":[{"name":"wp","href":"https:\/\/api.w.org\/{rel}","templated":true}]}}