{"id":10033,"date":"2023-10-28T10:36:17","date_gmt":"2023-10-28T09:36:17","guid":{"rendered":"https:\/\/neocar.shop\/?post_type=product&#038;p=10033"},"modified":"2023-11-10T07:26:05","modified_gmt":"2023-11-10T06:26:05","slug":"plastigel-nettoyant-et-renovateur-tableu-de-bord","status":"publish","type":"product","link":"https:\/\/neocar.shop\/fr\/produit\/plastigel-nettoyant-et-renovateur-tableu-de-bord\/","title":{"rendered":"Plastigel Nettoyant et Renovateur tableu de bord"},"content":{"rendered":"<p>Plastigel permet un nettoyage en profendeur des composant en plastique de votre v\u00e9hicule que ce soit de l&#8217;int\u00e9rieur ou de l&#8217;exterieur et leur donne un aspect neuf, ravivant et lustrant il laisse une fine couche protectrice qui \u00e9vite l&#8217;adh\u00e9rence de poussi\u00e8re. Laisse un parfum agr\u00e9able et persistant.<\/p>\n<p>Mode d&#8217;emploi: Nettoyer pr\u00e9alablement la surface, vaporiser le produit, laisser agir, essuyer avec un chiffon propre et sec. Composition:agent nettoyeur de plastique, agent brillant de plastiqueparfum, colorant, eau trait\u00e9e.<\/p>\n<p style=\"text-align: right;\">\u0628\u0644\u0627\u0633\u062a\u064a\u062c\u0627\u0644 \u064a\u0633\u062a\u0639\u0645\u0644 \u0644\u062a\u0646\u0638\u064a\u0641 \u062c\u0645\u064a\u0639 \u0627\u0644\u0639\u0646\u0627\u0635\u0631\u0627\u0644\u0628\u0644\u0627\u0633\u062a\u064a\u0643\u064a\u0629 \u0627\u0644\u0645\u0648\u062c\u0648\u062f\u0629 \u062f\u0627\u062e\u0644 \u0648 \u062e\u0627\u0631\u062c \u0627\u0644\u0633\u064a\u0627\u0631\u0629 \u0627\u0630 \u064a\u0639\u0637\u064a\u0647\u0627 \u062a\u062c\u062f\u064a\u062f\u0627\u060c \u062a\u0623\u0644\u0642\u0627 \u0648 \u0627\u062d\u064a\u0627\u0621. \u064a\u062a\u0631\u0643 \u0628\u062f\u0648\u0631\u0629 \u0627\u0644\u0631\u0627\u0626\u062d\u0629 \u0644\u0637\u064a\u0641\u0629 \u0648 \u0645\u0633\u062a\u0645\u0631\u0629.<\/p>\n<p style=\"text-align: right;\">\u0637\u0631\u064a\u0642\u0629 \u0627\u0644\u0627\u0633\u062a\u0639\u0645\u0627\u0644 : \u0646\u0638\u0641 \u0627\u0644\u0633\u0637\u062d \u0645\u0633\u0628\u0642\u0627 \u0631\u0634 \u0627\u0644\u0645\u0646\u062a\u0648\u062c\u060c \u062f\u0639\u0647 \u064a\u062a\u0641\u0627\u0639\u0644 \u0627\u0645\u0633\u062c \u0628\u0627\u0633\u062a\u0639\u0645\u0627\u0644 \u0642\u0637\u0639\u0629 \u0642\u0645\u0627\u0634 \u062c\u0627\u0641\u0629 \u0648 \u0646\u0638\u064a\u0641\u0629.<\/p>\n<p style=\"text-align: right;\">\u0627\u0644\u0645\u0643\u0648\u0646\u0627\u062a : \u0645\u0627\u062f\u0629 \u0645\u0646\u0638\u0641\u0629 \u0627\u0644\u0628\u0644\u0627\u0633\u062a\u064a\u0643 \u0645\u0627\u062f\u0629 \u0645\u0644\u0647\u0645\u0629 \u0627\u0644\u0628\u0644\u0627\u0633\u062a\u064a\u0643 \u0645\u0639\u0637\u0631\u060c \u0645\u0644\u0648\u0646 \u0645\u0627\u0621 \u0645\u0639\u0627\u0644\u062c<\/p>","protected":false},"excerpt":{"rendered":"<p>Effet satin\u00e8 ,anti statique,maxi brillance.<\/p>","protected":false},"featured_media":10034,"comment_status":"open","ping_status":"closed","template":"","meta":[],"product_brand":[],"product_cat":[393,66,68,67],"product_tag":[127,105,120,108],"class_list":{"0":"post-10033","1":"product","2":"type-product","3":"status-publish","4":"has-post-thumbnail","6":"product_cat-accessories","7":"product_cat-car-care","8":"product_cat-68","9":"product_cat-67","10":"product_tag-nettoiyage","11":"product_tag-nettoyant-tableu-de-bord","12":"product_tag-120","13":"product_tag-108","15":"first","16":"instock","17":"virtual","18":"purchasable","19":"product-type-simple"},"jetpack_sharing_enabled":true,"_links":{"self":[{"href":"https:\/\/neocar.shop\/fr\/wp-json\/wp\/v2\/product\/10033"}],"collection":[{"href":"https:\/\/neocar.shop\/fr\/wp-json\/wp\/v2\/product"}],"about":[{"href":"https:\/\/neocar.shop\/fr\/wp-json\/wp\/v2\/types\/product"}],"replies":[{"embeddable":true,"href":"https:\/\/neocar.shop\/fr\/wp-json\/wp\/v2\/comments?post=10033"}],"version-history":[{"count":2,"href":"https:\/\/neocar.shop\/fr\/wp-json\/wp\/v2\/product\/10033\/revisions"}],"predecessor-version":[{"id":10037,"href":"https:\/\/neocar.shop\/fr\/wp-json\/wp\/v2\/product\/10033\/revisions\/10037"}],"wp:featuredmedia":[{"embeddable":true,"href":"https:\/\/neocar.shop\/fr\/wp-json\/wp\/v2\/media\/10034"}],"wp:attachment":[{"href":"https:\/\/neocar.shop\/fr\/wp-json\/wp\/v2\/media?parent=10033"}],"wp:term":[{"taxonomy":"product_brand","embeddable":true,"href":"https:\/\/neocar.shop\/fr\/wp-json\/wp\/v2\/product_brand?post=10033"},{"taxonomy":"product_cat","embeddable":true,"href":"https:\/\/neocar.shop\/fr\/wp-json\/wp\/v2\/product_cat?post=10033"},{"taxonomy":"product_tag","embeddable":true,"href":"https:\/\/neocar.shop\/fr\/wp-json\/wp\/v2\/product_tag?post=10033"}],"curies":[{"name":"wp","href":"https:\/\/api.w.org\/{rel}","templated":true}]}}