{"id":10019,"date":"2023-10-27T18:35:26","date_gmt":"2023-10-27T17:35:26","guid":{"rendered":"https:\/\/neocar.shop\/?post_type=product&#038;p=10019"},"modified":"2025-08-05T01:46:29","modified_gmt":"2025-08-05T00:46:29","slug":"dci-dynamic-diesel-traitement","status":"publish","type":"product","link":"https:\/\/neocar.shop\/fr\/produit\/dci-dynamic-diesel-traitement\/","title":{"rendered":"Dci dynamic diesel traitement"},"content":{"rendered":"<p><strong>Traitement DCI dynamic &#8211; Renault<\/strong><\/p>\n<p><strong>Descriptif <\/strong>:<\/p>\n<ul>\n<li>Contenance : 250 ml<\/li>\n<li>Produit d&#8217;origine certifi\u00e9e constructeur<\/li>\n<\/ul>\n<div><\/div>\n<div><em>Compatible V\u00e9hicule Renault et Dacia\u00a0<\/em><\/div>","protected":false},"excerpt":{"rendered":"<p>L&#8217; Additif Renault DCI Dynamic Diesel Treatment, est un traitement sp\u00e9cialement con\u00e7u pour les moteurs diesel des v\u00e9hicules Renault. Il peut \u00eatre utilis\u00e9e dans tous les moteurs diesel nouvelle technologie (rampe commune ou injecteur pompe). Il nettoie et lubrifie tout le syst\u00e8me d&#8217;alimentation. Il permet d&#8217;\u00e9viter le grippage de la pompe et des injecteurs. Ce produit est sans danger pour les pots catalytiques\u00a0 et les filtres \u00e0 particules.<\/p>","protected":false},"featured_media":10020,"comment_status":"open","ping_status":"closed","template":"","meta":[],"product_brand":[],"product_cat":[393,87,89,66],"product_tag":[410,411,412],"class_list":{"0":"post-10019","1":"product","2":"type-product","3":"status-publish","4":"has-post-thumbnail","6":"product_cat-accessories","7":"product_cat-87","8":"product_cat-89","9":"product_cat-car-care","10":"product_tag-dci","11":"product_tag-diesel","12":"product_tag-injecteur","14":"first","15":"outofstock","16":"virtual","17":"purchasable","18":"product-type-simple"},"jetpack_sharing_enabled":true,"_links":{"self":[{"href":"https:\/\/neocar.shop\/fr\/wp-json\/wp\/v2\/product\/10019"}],"collection":[{"href":"https:\/\/neocar.shop\/fr\/wp-json\/wp\/v2\/product"}],"about":[{"href":"https:\/\/neocar.shop\/fr\/wp-json\/wp\/v2\/types\/product"}],"replies":[{"embeddable":true,"href":"https:\/\/neocar.shop\/fr\/wp-json\/wp\/v2\/comments?post=10019"}],"version-history":[{"count":2,"href":"https:\/\/neocar.shop\/fr\/wp-json\/wp\/v2\/product\/10019\/revisions"}],"predecessor-version":[{"id":10024,"href":"https:\/\/neocar.shop\/fr\/wp-json\/wp\/v2\/product\/10019\/revisions\/10024"}],"wp:featuredmedia":[{"embeddable":true,"href":"https:\/\/neocar.shop\/fr\/wp-json\/wp\/v2\/media\/10020"}],"wp:attachment":[{"href":"https:\/\/neocar.shop\/fr\/wp-json\/wp\/v2\/media?parent=10019"}],"wp:term":[{"taxonomy":"product_brand","embeddable":true,"href":"https:\/\/neocar.shop\/fr\/wp-json\/wp\/v2\/product_brand?post=10019"},{"taxonomy":"product_cat","embeddable":true,"href":"https:\/\/neocar.shop\/fr\/wp-json\/wp\/v2\/product_cat?post=10019"},{"taxonomy":"product_tag","embeddable":true,"href":"https:\/\/neocar.shop\/fr\/wp-json\/wp\/v2\/product_tag?post=10019"}],"curies":[{"name":"wp","href":"https:\/\/api.w.org\/{rel}","templated":true}]}}